{"id":5656,"date":"2022-07-16T11:44:38","date_gmt":"2022-07-16T09:44:38","guid":{"rendered":"https:\/\/vinoljubac.hr\/?post_type=product&#038;p=5656"},"modified":"2025-10-20T07:23:56","modified_gmt":"2025-10-20T05:23:56","slug":"nuic-zilavka-selection","status":"publish","type":"product","link":"https:\/\/vinoljubac.hr\/hr\/proizvod\/nuic-zilavka-selection\/","title":{"rendered":"NUI\u0106 \u017dILAVKA SELEKCIJA"},"content":{"rendered":"","protected":false},"excerpt":{"rendered":"<p>Vrhunska autohtona hercegova\u010dka sorta od koje se proizvodi vino svijetlo\u017eute boje sa zlatnim odsjajem. Na nepcu je toplo, mineralno, harmoni\u010dno, puno i trajno, a prevladavaju arome meda, citrusa, badema, vanilije i hrastovine. Preporu\u010duje se poslu\u017eiti uz zrele sireve, ribu, bijelo meso, gljive i tjesteninu na temperaturi od 12 do 14 \u00b0C.<\/p>","protected":false},"featured_media":6343,"comment_status":"open","ping_status":"closed","template":"","meta":{"om_disable_all_campaigns":false,"_monsterinsights_skip_tracking":false,"_monsterinsights_sitenote_active":false,"_monsterinsights_sitenote_note":"","_monsterinsights_sitenote_category":0},"product_brand":[],"product_cat":[44,171],"product_tag":[],"class_list":{"0":"post-5656","1":"product","2":"type-product","3":"status-publish","4":"has-post-thumbnail","6":"product_cat-white-wines","7":"product_cat-zilavka","8":"pa_alcohol-457","9":"pa_colour-white","10":"pa_country-bosnia-and-herzegovina","11":"pa_region-herzegovina","12":"pa_residual-sugar-dry","13":"pa_subregion-central-neretva","14":"pa_variety-zilavka","15":"pa_vineyard-mostar","16":"pa_volume-750-ml","18":"first","19":"outofstock","20":"taxable","21":"shipping-taxable","22":"product-type-simple"},"_links":{"self":[{"href":"https:\/\/vinoljubac.hr\/hr\/wp-json\/wp\/v2\/product\/5656","targetHints":{"allow":["GET"]}}],"collection":[{"href":"https:\/\/vinoljubac.hr\/hr\/wp-json\/wp\/v2\/product"}],"about":[{"href":"https:\/\/vinoljubac.hr\/hr\/wp-json\/wp\/v2\/types\/product"}],"replies":[{"embeddable":true,"href":"https:\/\/vinoljubac.hr\/hr\/wp-json\/wp\/v2\/comments?post=5656"}],"version-history":[{"count":1,"href":"https:\/\/vinoljubac.hr\/hr\/wp-json\/wp\/v2\/product\/5656\/revisions"}],"predecessor-version":[{"id":11408,"href":"https:\/\/vinoljubac.hr\/hr\/wp-json\/wp\/v2\/product\/5656\/revisions\/11408"}],"wp:featuredmedia":[{"embeddable":true,"href":"https:\/\/vinoljubac.hr\/hr\/wp-json\/wp\/v2\/media\/6343"}],"wp:attachment":[{"href":"https:\/\/vinoljubac.hr\/hr\/wp-json\/wp\/v2\/media?parent=5656"}],"wp:term":[{"taxonomy":"product_brand","embeddable":true,"href":"https:\/\/vinoljubac.hr\/hr\/wp-json\/wp\/v2\/product_brand?post=5656"},{"taxonomy":"product_cat","embeddable":true,"href":"https:\/\/vinoljubac.hr\/hr\/wp-json\/wp\/v2\/product_cat?post=5656"},{"taxonomy":"product_tag","embeddable":true,"href":"https:\/\/vinoljubac.hr\/hr\/wp-json\/wp\/v2\/product_tag?post=5656"}],"curies":[{"name":"wp","href":"https:\/\/api.w.org\/{rel}","templated":true}]}}