{"id":5997,"date":"2022-08-09T07:50:11","date_gmt":"2022-08-09T05:50:11","guid":{"rendered":"https:\/\/vinoljubac.hr\/?post_type=product&#038;p=5997"},"modified":"2025-04-09T07:26:36","modified_gmt":"2025-04-09T05:26:36","slug":"captain-morgan-dark-rum","status":"publish","type":"product","link":"https:\/\/vinoljubac.hr\/hr\/proizvod\/captain-morgan-dark-rum\/","title":{"rendered":"CAPTAIN MORGAN DARK RUM"},"content":{"rendered":"","protected":false},"excerpt":{"rendered":"<p class=\"translation-block\">Lagani, bogati okus hrastovine \u010dini Captain Morgan Dark Rum savr\u0161enim napitkom za ispijanje. Za pravi pun\u010d s rumom mo\u017eete ga umije\u0161ati u jedan od omiljenih koktela s tamnim rumom.<\/p>","protected":false},"featured_media":0,"comment_status":"open","ping_status":"closed","template":"","meta":{"om_disable_all_campaigns":false,"_monsterinsights_skip_tracking":false,"_monsterinsights_sitenote_active":false,"_monsterinsights_sitenote_note":"","_monsterinsights_sitenote_category":0},"product_brand":[],"product_cat":[262,80],"product_tag":[],"class_list":{"0":"post-5997","1":"product","2":"type-product","3":"status-publish","5":"product_cat-rum","6":"product_cat-spirits","7":"pa_alcohol-263","8":"pa_country-jamaica","9":"pa_type-of-drink-rum","10":"pa_volume-1000-ml","12":"first","13":"instock","14":"taxable","15":"shipping-taxable","16":"product-type-simple"},"_links":{"self":[{"href":"https:\/\/vinoljubac.hr\/hr\/wp-json\/wp\/v2\/product\/5997","targetHints":{"allow":["GET"]}}],"collection":[{"href":"https:\/\/vinoljubac.hr\/hr\/wp-json\/wp\/v2\/product"}],"about":[{"href":"https:\/\/vinoljubac.hr\/hr\/wp-json\/wp\/v2\/types\/product"}],"replies":[{"embeddable":true,"href":"https:\/\/vinoljubac.hr\/hr\/wp-json\/wp\/v2\/comments?post=5997"}],"version-history":[{"count":1,"href":"https:\/\/vinoljubac.hr\/hr\/wp-json\/wp\/v2\/product\/5997\/revisions"}],"predecessor-version":[{"id":11229,"href":"https:\/\/vinoljubac.hr\/hr\/wp-json\/wp\/v2\/product\/5997\/revisions\/11229"}],"wp:attachment":[{"href":"https:\/\/vinoljubac.hr\/hr\/wp-json\/wp\/v2\/media?parent=5997"}],"wp:term":[{"taxonomy":"product_brand","embeddable":true,"href":"https:\/\/vinoljubac.hr\/hr\/wp-json\/wp\/v2\/product_brand?post=5997"},{"taxonomy":"product_cat","embeddable":true,"href":"https:\/\/vinoljubac.hr\/hr\/wp-json\/wp\/v2\/product_cat?post=5997"},{"taxonomy":"product_tag","embeddable":true,"href":"https:\/\/vinoljubac.hr\/hr\/wp-json\/wp\/v2\/product_tag?post=5997"}],"curies":[{"name":"wp","href":"https:\/\/api.w.org\/{rel}","templated":true}]}}