{"id":6051,"date":"2022-08-12T11:52:18","date_gmt":"2022-08-12T09:52:18","guid":{"rendered":"https:\/\/vinoljubac.hr\/?post_type=product&#038;p=6051"},"modified":"2024-12-09T08:55:36","modified_gmt":"2024-12-09T07:55:36","slug":"katunar-nigra-syrah","status":"publish","type":"product","link":"https:\/\/vinoljubac.hr\/hr\/proizvod\/katunar-nigra-syrah\/","title":{"rendered":"KATUNAR NIGRA SYRAH"},"content":{"rendered":"","protected":false},"excerpt":{"rendered":"<p>Prepoznatljivi mirisi anisa, kupine, crne tre\u0161nje, ribiza, masline, crnog papra i borovnice karakteriziraju ovo vino. Zemlja crvenica bogata pijeskom s vi\u0161e od polovice drobljenog kamena daje mu puno\u0107u i mineralnost te duga\u010dki zavr\u0161etak. Kao i sva mo\u0107na vina, tra\u017ei hranu bogatu okusima poput tamnog mesa i plave ribe.<\/p>","protected":false},"featured_media":6268,"comment_status":"open","ping_status":"closed","template":"","meta":{"om_disable_all_campaigns":false,"_monsterinsights_skip_tracking":false,"_monsterinsights_sitenote_active":false,"_monsterinsights_sitenote_note":"","_monsterinsights_sitenote_category":0},"product_brand":[],"product_cat":[43,158],"product_tag":[],"class_list":{"0":"post-6051","1":"product","2":"type-product","3":"status-publish","4":"has-post-thumbnail","6":"product_cat-red-wines","7":"product_cat-syrah","8":"pa_alcohol-457","9":"pa_colour-red","10":"pa_country-croatia","11":"pa_region-istria-and-croatian-littoral","12":"pa_residual-sugar-dry","13":"pa_subregion-kvarner-and-croatian-littoral","14":"pa_variety-syrah","15":"pa_vineyard-krk","16":"pa_volume-750-ml","18":"first","19":"instock","20":"taxable","21":"shipping-taxable","22":"product-type-simple"},"_links":{"self":[{"href":"https:\/\/vinoljubac.hr\/hr\/wp-json\/wp\/v2\/product\/6051","targetHints":{"allow":["GET"]}}],"collection":[{"href":"https:\/\/vinoljubac.hr\/hr\/wp-json\/wp\/v2\/product"}],"about":[{"href":"https:\/\/vinoljubac.hr\/hr\/wp-json\/wp\/v2\/types\/product"}],"replies":[{"embeddable":true,"href":"https:\/\/vinoljubac.hr\/hr\/wp-json\/wp\/v2\/comments?post=6051"}],"version-history":[{"count":0,"href":"https:\/\/vinoljubac.hr\/hr\/wp-json\/wp\/v2\/product\/6051\/revisions"}],"wp:featuredmedia":[{"embeddable":true,"href":"https:\/\/vinoljubac.hr\/hr\/wp-json\/wp\/v2\/media\/6268"}],"wp:attachment":[{"href":"https:\/\/vinoljubac.hr\/hr\/wp-json\/wp\/v2\/media?parent=6051"}],"wp:term":[{"taxonomy":"product_brand","embeddable":true,"href":"https:\/\/vinoljubac.hr\/hr\/wp-json\/wp\/v2\/product_brand?post=6051"},{"taxonomy":"product_cat","embeddable":true,"href":"https:\/\/vinoljubac.hr\/hr\/wp-json\/wp\/v2\/product_cat?post=6051"},{"taxonomy":"product_tag","embeddable":true,"href":"https:\/\/vinoljubac.hr\/hr\/wp-json\/wp\/v2\/product_tag?post=6051"}],"curies":[{"name":"wp","href":"https:\/\/api.w.org\/{rel}","templated":true}]}}