{"id":6111,"date":"2022-08-18T11:05:25","date_gmt":"2022-08-18T09:05:25","guid":{"rendered":"https:\/\/vinoljubac.hr\/?post_type=product&#038;p=6111"},"modified":"2024-07-05T10:37:03","modified_gmt":"2024-07-05T08:37:03","slug":"katunar-porin-brut","status":"publish","type":"product","link":"https:\/\/vinoljubac.hr\/hr\/proizvod\/katunar-porin-brut\/","title":{"rendered":"KATUNAR PORIN BRUT"},"content":{"rendered":"","protected":false},"excerpt":{"rendered":"<p>Pjenu\u0161ac proizveden metodom drugog vrenja u tanku \u0161to mu daje svje\u017einu i pitkost. Bogatih aroma i izra\u017eenog zavr\u0161etka. Diskretni miris kvasaca skladno \u0107e zaokru\u017eiti ispijeni gutljaj. Odnos alkohola i kiselina \u010dini ga ugodnim pi\u0107em za aperitiv, a odli\u010dno se sla\u017ee i uz lagane zalogaje.<\/p>\n<p>&nbsp;<\/p>","protected":false},"featured_media":6100,"comment_status":"open","ping_status":"closed","template":"","meta":{"om_disable_all_campaigns":false,"_monsterinsights_skip_tracking":false,"_monsterinsights_sitenote_active":false,"_monsterinsights_sitenote_note":"","_monsterinsights_sitenote_category":0},"product_brand":[],"product_cat":[79],"product_tag":[],"class_list":{"0":"post-6111","1":"product","2":"type-product","3":"status-publish","4":"has-post-thumbnail","6":"product_cat-sparkling-wines","7":"pa_alcohol-282","8":"pa_colour-white","9":"pa_country-croatia","10":"pa_region-istria-and-croatian-littoral","11":"pa_residual-sugar-brut","12":"pa_subregion-kvarner-and-croatian-littoral","13":"pa_vineyard-krk","14":"pa_volume-750-ml","16":"first","17":"instock","18":"taxable","19":"shipping-taxable","20":"product-type-simple"},"_links":{"self":[{"href":"https:\/\/vinoljubac.hr\/hr\/wp-json\/wp\/v2\/product\/6111","targetHints":{"allow":["GET"]}}],"collection":[{"href":"https:\/\/vinoljubac.hr\/hr\/wp-json\/wp\/v2\/product"}],"about":[{"href":"https:\/\/vinoljubac.hr\/hr\/wp-json\/wp\/v2\/types\/product"}],"replies":[{"embeddable":true,"href":"https:\/\/vinoljubac.hr\/hr\/wp-json\/wp\/v2\/comments?post=6111"}],"version-history":[{"count":0,"href":"https:\/\/vinoljubac.hr\/hr\/wp-json\/wp\/v2\/product\/6111\/revisions"}],"wp:featuredmedia":[{"embeddable":true,"href":"https:\/\/vinoljubac.hr\/hr\/wp-json\/wp\/v2\/media\/6100"}],"wp:attachment":[{"href":"https:\/\/vinoljubac.hr\/hr\/wp-json\/wp\/v2\/media?parent=6111"}],"wp:term":[{"taxonomy":"product_brand","embeddable":true,"href":"https:\/\/vinoljubac.hr\/hr\/wp-json\/wp\/v2\/product_brand?post=6111"},{"taxonomy":"product_cat","embeddable":true,"href":"https:\/\/vinoljubac.hr\/hr\/wp-json\/wp\/v2\/product_cat?post=6111"},{"taxonomy":"product_tag","embeddable":true,"href":"https:\/\/vinoljubac.hr\/hr\/wp-json\/wp\/v2\/product_tag?post=6111"}],"curies":[{"name":"wp","href":"https:\/\/api.w.org\/{rel}","templated":true}]}}