{"id":6113,"date":"2022-08-18T12:19:05","date_gmt":"2022-08-18T10:19:05","guid":{"rendered":"https:\/\/vinoljubac.hr\/?post_type=product&#038;p=6113"},"modified":"2025-06-07T15:07:16","modified_gmt":"2025-06-07T13:07:16","slug":"katunar-zlahtina","status":"publish","type":"product","link":"https:\/\/vinoljubac.hr\/hr\/proizvod\/katunar-zlahtina\/","title":{"rendered":"KATUNAR \u017dLAHTINA"},"content":{"rendered":"","protected":false},"excerpt":{"rendered":"<p>Bijelo vino istoimene autohtone sorte gro\u017e\u0111a s otoka Krka. Krasi ga kristalna bistrost, zeleno\u017euta boja, skladan, prirodan, originalan, pitak i osvje\u017eavaju\u0107 okus te nje\u017ean miris i profinjene arome cvije\u0107a, jabuke i citrusa.<\/p>","protected":false},"featured_media":6087,"comment_status":"open","ping_status":"closed","template":"","meta":{"om_disable_all_campaigns":false,"_monsterinsights_skip_tracking":false,"_monsterinsights_sitenote_active":false,"_monsterinsights_sitenote_note":"","_monsterinsights_sitenote_category":0},"product_brand":[],"product_cat":[44,252],"product_tag":[],"class_list":{"0":"post-6113","1":"product","2":"type-product","3":"status-publish","4":"has-post-thumbnail","6":"product_cat-white-wines","7":"product_cat-zlahtina","8":"pa_alcohol-179","9":"pa_colour-white","10":"pa_country-croatia","11":"pa_region-istria-and-croatian-littoral","12":"pa_residual-sugar-dry","13":"pa_subregion-kvarner-and-croatian-littoral","14":"pa_variety-zlahtina","15":"pa_vineyard-krk","16":"pa_volume-750-ml","18":"first","19":"instock","20":"taxable","21":"shipping-taxable","22":"product-type-simple"},"_links":{"self":[{"href":"https:\/\/vinoljubac.hr\/hr\/wp-json\/wp\/v2\/product\/6113","targetHints":{"allow":["GET"]}}],"collection":[{"href":"https:\/\/vinoljubac.hr\/hr\/wp-json\/wp\/v2\/product"}],"about":[{"href":"https:\/\/vinoljubac.hr\/hr\/wp-json\/wp\/v2\/types\/product"}],"replies":[{"embeddable":true,"href":"https:\/\/vinoljubac.hr\/hr\/wp-json\/wp\/v2\/comments?post=6113"}],"version-history":[{"count":1,"href":"https:\/\/vinoljubac.hr\/hr\/wp-json\/wp\/v2\/product\/6113\/revisions"}],"predecessor-version":[{"id":11273,"href":"https:\/\/vinoljubac.hr\/hr\/wp-json\/wp\/v2\/product\/6113\/revisions\/11273"}],"wp:featuredmedia":[{"embeddable":true,"href":"https:\/\/vinoljubac.hr\/hr\/wp-json\/wp\/v2\/media\/6087"}],"wp:attachment":[{"href":"https:\/\/vinoljubac.hr\/hr\/wp-json\/wp\/v2\/media?parent=6113"}],"wp:term":[{"taxonomy":"product_brand","embeddable":true,"href":"https:\/\/vinoljubac.hr\/hr\/wp-json\/wp\/v2\/product_brand?post=6113"},{"taxonomy":"product_cat","embeddable":true,"href":"https:\/\/vinoljubac.hr\/hr\/wp-json\/wp\/v2\/product_cat?post=6113"},{"taxonomy":"product_tag","embeddable":true,"href":"https:\/\/vinoljubac.hr\/hr\/wp-json\/wp\/v2\/product_tag?post=6113"}],"curies":[{"name":"wp","href":"https:\/\/api.w.org\/{rel}","templated":true}]}}