{"id":6117,"date":"2022-08-18T12:35:01","date_gmt":"2022-08-18T10:35:01","guid":{"rendered":"https:\/\/vinoljubac.hr\/?post_type=product&#038;p=6117"},"modified":"2025-04-07T08:38:39","modified_gmt":"2025-04-07T06:38:39","slug":"krauthaker-sauvignon","status":"publish","type":"product","link":"https:\/\/vinoljubac.hr\/hr\/proizvod\/krauthaker-sauvignon\/","title":{"rendered":"KRAUTHAKER SAUVIGNON VIDIM"},"content":{"rendered":"","protected":false},"excerpt":{"rendered":"<p id=\"tw-target-text\" class=\"tw-data-text tw-text-large tw-ta\" dir=\"ltr\" data-placeholder=\"Prijevod\"><span class=\"Y2IQFc\" lang=\"en\">Vino \u017eu\u0107kaste boje sijena s laganim zelenkastim odsjajem, vo\u0107nih i cvjetnih mirisnih me\u0111u kojima dominira bijelo vo\u0107e uz sekundarne cvjetne nijanse. \u017divahno na nepcu, osvje\u017eavaju\u0107ih kiselina i blage gor\u010dine, skladno i zaokru\u017eeno, umjerenog trajanja. Sljubiti s tjesteninom ili ri\u017eotom sa \u0161parogama, bijelim mesom peradi, tele\u0107im odrescima, \u0161koljkama na buzaru, \u0161kampima s ro\u0161tilja, salatom od hobotnice ili ri\u017eotom s morskim plodovima.<\/span><\/p>","protected":false},"featured_media":0,"comment_status":"open","ping_status":"closed","template":"","meta":{"om_disable_all_campaigns":false,"_monsterinsights_skip_tracking":false,"_monsterinsights_sitenote_active":false,"_monsterinsights_sitenote_note":"","_monsterinsights_sitenote_category":0},"product_brand":[],"product_cat":[284,44],"product_tag":[],"class_list":{"0":"post-6117","1":"product","2":"type-product","3":"status-publish","5":"product_cat-sauvignon-blanc-white-wines","6":"product_cat-white-wines","7":"pa_alcohol-461","8":"pa_colour-white","9":"pa_country-croatia","10":"pa_region-slavonia-and-croatian-danube","11":"pa_residual-sugar-dry","12":"pa_subregion-slavonia","13":"pa_variety-sauvignon-blanc","14":"pa_vineyard-kutjevo","15":"pa_volume-750-ml","17":"first","18":"instock","19":"taxable","20":"shipping-taxable","21":"product-type-simple"},"_links":{"self":[{"href":"https:\/\/vinoljubac.hr\/hr\/wp-json\/wp\/v2\/product\/6117","targetHints":{"allow":["GET"]}}],"collection":[{"href":"https:\/\/vinoljubac.hr\/hr\/wp-json\/wp\/v2\/product"}],"about":[{"href":"https:\/\/vinoljubac.hr\/hr\/wp-json\/wp\/v2\/types\/product"}],"replies":[{"embeddable":true,"href":"https:\/\/vinoljubac.hr\/hr\/wp-json\/wp\/v2\/comments?post=6117"}],"version-history":[{"count":1,"href":"https:\/\/vinoljubac.hr\/hr\/wp-json\/wp\/v2\/product\/6117\/revisions"}],"predecessor-version":[{"id":11166,"href":"https:\/\/vinoljubac.hr\/hr\/wp-json\/wp\/v2\/product\/6117\/revisions\/11166"}],"wp:attachment":[{"href":"https:\/\/vinoljubac.hr\/hr\/wp-json\/wp\/v2\/media?parent=6117"}],"wp:term":[{"taxonomy":"product_brand","embeddable":true,"href":"https:\/\/vinoljubac.hr\/hr\/wp-json\/wp\/v2\/product_brand?post=6117"},{"taxonomy":"product_cat","embeddable":true,"href":"https:\/\/vinoljubac.hr\/hr\/wp-json\/wp\/v2\/product_cat?post=6117"},{"taxonomy":"product_tag","embeddable":true,"href":"https:\/\/vinoljubac.hr\/hr\/wp-json\/wp\/v2\/product_tag?post=6117"}],"curies":[{"name":"wp","href":"https:\/\/api.w.org\/{rel}","templated":true}]}}