{"id":6121,"date":"2022-08-18T12:53:59","date_gmt":"2022-08-18T10:53:59","guid":{"rendered":"https:\/\/vinoljubac.hr\/?post_type=product&#038;p=6121"},"modified":"2025-04-01T08:34:54","modified_gmt":"2025-04-01T06:34:54","slug":"bolfan-sauvignon-blanc","status":"publish","type":"product","link":"https:\/\/vinoljubac.hr\/hr\/proizvod\/bolfan-sauvignon-blanc\/","title":{"rendered":"BOLFAN SAUVIGNON BLANC"},"content":{"rendered":"","protected":false},"excerpt":{"rendered":"<p>EKO vino u \u010dijem se okusu osjete herbalne note paprike i zelenog povr\u0107a te izra\u017eena puno\u0107a i slanost terroira.<\/p>","protected":false},"featured_media":6595,"comment_status":"open","ping_status":"closed","template":"","meta":{"om_disable_all_campaigns":false,"_monsterinsights_skip_tracking":false,"_monsterinsights_sitenote_active":false,"_monsterinsights_sitenote_note":"","_monsterinsights_sitenote_category":0},"product_brand":[],"product_cat":[284,44],"product_tag":[],"class_list":{"0":"post-6121","1":"product","2":"type-product","3":"status-publish","4":"has-post-thumbnail","6":"product_cat-sauvignon-blanc-white-wines","7":"product_cat-white-wines","8":"pa_alcohol-138","9":"pa_colour-white","10":"pa_country-croatia","11":"pa_region-croatian-uplands","12":"pa_residual-sugar-dry","13":"pa_subregion-zagorje-medimurje","14":"pa_variety-sauvignon-blanc","15":"pa_vineyard-zlatar","16":"pa_volume-750-ml","18":"first","19":"instock","20":"taxable","21":"shipping-taxable","22":"product-type-simple"},"_links":{"self":[{"href":"https:\/\/vinoljubac.hr\/hr\/wp-json\/wp\/v2\/product\/6121","targetHints":{"allow":["GET"]}}],"collection":[{"href":"https:\/\/vinoljubac.hr\/hr\/wp-json\/wp\/v2\/product"}],"about":[{"href":"https:\/\/vinoljubac.hr\/hr\/wp-json\/wp\/v2\/types\/product"}],"replies":[{"embeddable":true,"href":"https:\/\/vinoljubac.hr\/hr\/wp-json\/wp\/v2\/comments?post=6121"}],"version-history":[{"count":1,"href":"https:\/\/vinoljubac.hr\/hr\/wp-json\/wp\/v2\/product\/6121\/revisions"}],"predecessor-version":[{"id":10987,"href":"https:\/\/vinoljubac.hr\/hr\/wp-json\/wp\/v2\/product\/6121\/revisions\/10987"}],"wp:featuredmedia":[{"embeddable":true,"href":"https:\/\/vinoljubac.hr\/hr\/wp-json\/wp\/v2\/media\/6595"}],"wp:attachment":[{"href":"https:\/\/vinoljubac.hr\/hr\/wp-json\/wp\/v2\/media?parent=6121"}],"wp:term":[{"taxonomy":"product_brand","embeddable":true,"href":"https:\/\/vinoljubac.hr\/hr\/wp-json\/wp\/v2\/product_brand?post=6121"},{"taxonomy":"product_cat","embeddable":true,"href":"https:\/\/vinoljubac.hr\/hr\/wp-json\/wp\/v2\/product_cat?post=6121"},{"taxonomy":"product_tag","embeddable":true,"href":"https:\/\/vinoljubac.hr\/hr\/wp-json\/wp\/v2\/product_tag?post=6121"}],"curies":[{"name":"wp","href":"https:\/\/api.w.org\/{rel}","templated":true}]}}