{"id":6130,"date":"2022-08-20T06:10:53","date_gmt":"2022-08-20T04:10:53","guid":{"rendered":"https:\/\/vinoljubac.hr\/?post_type=product&#038;p=6130"},"modified":"2025-04-01T14:45:59","modified_gmt":"2025-04-01T12:45:59","slug":"kabola-secco","status":"publish","type":"product","link":"https:\/\/vinoljubac.hr\/hr\/proizvod\/kabola-secco\/","title":{"rendered":"KABOLA SECCO"},"content":{"rendered":"","protected":false},"excerpt":{"rendered":"<p>Vino krasi lijepa zelenkasto\u017euta boja, kristalno je bistro i djelomi\u010dno gusto, a miris mu je fin, elegantan i razigran. Na prvi nos javlja se cvjetna nota kamilice potom nota bagremova meda, u\u0161e\u0107erene naran\u010dine kore i ananasa. Vino je suho, djelomi\u010dno toplo i mekano, a s druge strane ima ugodnu svje\u017einu te je ukusno i pitko. Srednjeg je tijela, uravnote\u017eeno, intenzivnost i djelomi\u010dno trajno. Fine je kakvo\u0107e i harmoni\u010dno, a na zavr\u0161etku javlja se nota vinogradarske breskve. Poslu\u017eiti kao aperitiv ili uz pr\u0161ut i dinju.<\/p>","protected":false},"featured_media":6086,"comment_status":"open","ping_status":"closed","template":"","meta":{"om_disable_all_campaigns":false,"_monsterinsights_skip_tracking":false,"_monsterinsights_sitenote_active":false,"_monsterinsights_sitenote_note":"","_monsterinsights_sitenote_category":0},"product_brand":[],"product_cat":[250,44],"product_tag":[],"class_list":{"0":"post-6130","1":"product","2":"type-product","3":"status-publish","4":"has-post-thumbnail","6":"product_cat-muskat","7":"product_cat-white-wines","8":"pa_alcohol-461","9":"pa_colour-white","10":"pa_country-croatia","11":"pa_region-istria-and-croatian-littoral","12":"pa_residual-sugar-dry","13":"pa_subregion-croatian-istria","14":"pa_variety-muskat","15":"pa_vineyard-west-istria","16":"pa_volume-750-ml","18":"first","19":"outofstock","20":"taxable","21":"shipping-taxable","22":"product-type-simple"},"_links":{"self":[{"href":"https:\/\/vinoljubac.hr\/hr\/wp-json\/wp\/v2\/product\/6130","targetHints":{"allow":["GET"]}}],"collection":[{"href":"https:\/\/vinoljubac.hr\/hr\/wp-json\/wp\/v2\/product"}],"about":[{"href":"https:\/\/vinoljubac.hr\/hr\/wp-json\/wp\/v2\/types\/product"}],"replies":[{"embeddable":true,"href":"https:\/\/vinoljubac.hr\/hr\/wp-json\/wp\/v2\/comments?post=6130"}],"version-history":[{"count":1,"href":"https:\/\/vinoljubac.hr\/hr\/wp-json\/wp\/v2\/product\/6130\/revisions"}],"predecessor-version":[{"id":11073,"href":"https:\/\/vinoljubac.hr\/hr\/wp-json\/wp\/v2\/product\/6130\/revisions\/11073"}],"wp:featuredmedia":[{"embeddable":true,"href":"https:\/\/vinoljubac.hr\/hr\/wp-json\/wp\/v2\/media\/6086"}],"wp:attachment":[{"href":"https:\/\/vinoljubac.hr\/hr\/wp-json\/wp\/v2\/media?parent=6130"}],"wp:term":[{"taxonomy":"product_brand","embeddable":true,"href":"https:\/\/vinoljubac.hr\/hr\/wp-json\/wp\/v2\/product_brand?post=6130"},{"taxonomy":"product_cat","embeddable":true,"href":"https:\/\/vinoljubac.hr\/hr\/wp-json\/wp\/v2\/product_cat?post=6130"},{"taxonomy":"product_tag","embeddable":true,"href":"https:\/\/vinoljubac.hr\/hr\/wp-json\/wp\/v2\/product_tag?post=6130"}],"curies":[{"name":"wp","href":"https:\/\/api.w.org\/{rel}","templated":true}]}}