{"id":6132,"date":"2022-08-20T06:18:10","date_gmt":"2022-08-20T04:18:10","guid":{"rendered":"https:\/\/vinoljubac.hr\/?post_type=product&#038;p=6132"},"modified":"2024-02-12T11:49:30","modified_gmt":"2024-02-12T10:49:30","slug":"iuris-sauvignon-blanc-saltwater","status":"publish","type":"product","link":"https:\/\/vinoljubac.hr\/hr\/proizvod\/iuris-sauvignon-blanc-saltwater\/","title":{"rendered":"IURIS SAUVIGNON BLANC SALTWATER"},"content":{"rendered":"","protected":false},"excerpt":{"rendered":"<p>Slamnato\u017eute boje zlatnog odsjaja i iznimne bistrine. Prepoznatljiva aroma bazge na nosu. Mirisi su nagla\u0161eni, aromati\u010dnost vrlo izra\u017eena. Struktura je izvrsno uravnote\u017eena. Srednje popunjeno tijelo, suho i aromati\u010dno, slasno i glatko. Trajnost i postojanost aromatskog do\u017eivljaja u zavr\u0161etku po ispijanju. Vino koje je vrlo jasno, izravno, nagla\u0161eno, aromati\u010dno i dostojno reputacije sorte. Odli\u010dno se sla\u017ee s jelima od bijele ribe, peradi, tjestenine i ri\u017eota. Lijepo se sljubljuje sa zrelim i mekim sirevima.<\/p>","protected":false},"featured_media":6104,"comment_status":"open","ping_status":"closed","template":"","meta":{"om_disable_all_campaigns":false,"_monsterinsights_skip_tracking":false,"_monsterinsights_sitenote_active":false,"_monsterinsights_sitenote_note":"","_monsterinsights_sitenote_category":0},"product_brand":[],"product_cat":[284,44],"product_tag":[],"class_list":{"0":"post-6132","1":"product","2":"type-product","3":"status-publish","4":"has-post-thumbnail","6":"product_cat-sauvignon-blanc-white-wines","7":"product_cat-white-wines","8":"pa_alcohol-116","9":"pa_colour-white","10":"pa_country-croatia","11":"pa_region-slavonia-and-croatian-danube","12":"pa_residual-sugar-dry","13":"pa_subregion-croatian-danube","14":"pa_variety-sauvignon-blanc","15":"pa_vineyard-erdut","16":"pa_volume-750-ml","18":"first","19":"instock","20":"taxable","21":"shipping-taxable","22":"product-type-simple"},"_links":{"self":[{"href":"https:\/\/vinoljubac.hr\/hr\/wp-json\/wp\/v2\/product\/6132","targetHints":{"allow":["GET"]}}],"collection":[{"href":"https:\/\/vinoljubac.hr\/hr\/wp-json\/wp\/v2\/product"}],"about":[{"href":"https:\/\/vinoljubac.hr\/hr\/wp-json\/wp\/v2\/types\/product"}],"replies":[{"embeddable":true,"href":"https:\/\/vinoljubac.hr\/hr\/wp-json\/wp\/v2\/comments?post=6132"}],"version-history":[{"count":0,"href":"https:\/\/vinoljubac.hr\/hr\/wp-json\/wp\/v2\/product\/6132\/revisions"}],"wp:featuredmedia":[{"embeddable":true,"href":"https:\/\/vinoljubac.hr\/hr\/wp-json\/wp\/v2\/media\/6104"}],"wp:attachment":[{"href":"https:\/\/vinoljubac.hr\/hr\/wp-json\/wp\/v2\/media?parent=6132"}],"wp:term":[{"taxonomy":"product_brand","embeddable":true,"href":"https:\/\/vinoljubac.hr\/hr\/wp-json\/wp\/v2\/product_brand?post=6132"},{"taxonomy":"product_cat","embeddable":true,"href":"https:\/\/vinoljubac.hr\/hr\/wp-json\/wp\/v2\/product_cat?post=6132"},{"taxonomy":"product_tag","embeddable":true,"href":"https:\/\/vinoljubac.hr\/hr\/wp-json\/wp\/v2\/product_tag?post=6132"}],"curies":[{"name":"wp","href":"https:\/\/api.w.org\/{rel}","templated":true}]}}