{"id":6156,"date":"2022-08-20T10:23:10","date_gmt":"2022-08-20T08:23:10","guid":{"rendered":"https:\/\/vinoljubac.hr\/?post_type=product&#038;p=6156"},"modified":"2025-04-01T14:45:12","modified_gmt":"2025-04-01T12:45:12","slug":"kabola-re","status":"publish","type":"product","link":"https:\/\/vinoljubac.hr\/hr\/proizvod\/kabola-re\/","title":{"rendered":"KABOLA RE"},"content":{"rendered":"","protected":false},"excerpt":{"rendered":"<p>Vino ima lijepu zelenkasto\u017eutu boju, kristalno je bistro i djelomi\u010dno gusto. Dok \u010da\u0161a miruje iz nje izviru brojni sitni mjehuri\u0107i. Intenzivnost mirisa je fina i ugodna, a na prvo mirisanje javlja se nota breskve i kru\u0161ke pra\u0107ena koricom limete, a kasnije slijedi nota korice kroasana. Ovo vino srednjeg tijela je suho, djelomi\u010dno toplo i mekano, a ipak svje\u017ee. Uravnote\u017eeno je, trajno, harmoni\u010dno, izvrsne kakvo\u0107e i djelomi\u010dno intenzivno. Zavr\u0161etak je obilje\u017een notom svje\u017ee marelice. Odli\u010dno se sla\u017ee sa sirovim kamenicama, sirovim \u0161kampima i sirovim brbavicama.<\/p>","protected":false},"featured_media":6085,"comment_status":"open","ping_status":"closed","template":"","meta":{"om_disable_all_campaigns":false,"_monsterinsights_skip_tracking":false,"_monsterinsights_sitenote_active":false,"_monsterinsights_sitenote_note":"","_monsterinsights_sitenote_category":0},"product_brand":[],"product_cat":[236,255,697,79],"product_tag":[],"class_list":{"0":"post-6156","1":"product","2":"type-product","3":"status-publish","4":"has-post-thumbnail","6":"product_cat-chardonnay-sparkling-wines","7":"product_cat-malvazija-sparkling-wines","8":"product_cat-pinot-gray-sparkling-wines","9":"product_cat-sparkling-wines","10":"pa_alcohol-116","11":"pa_colour-white","12":"pa_country-croatia","13":"pa_region-istria-and-croatian-littoral","14":"pa_residual-sugar-brut","15":"pa_subregion-croatian-istria","16":"pa_variety-chardonnay","17":"pa_variety-malvazija","18":"pa_variety-pinot-gray","19":"pa_vineyard-west-istria","20":"pa_volume-750-ml","22":"first","23":"instock","24":"taxable","25":"shipping-taxable","26":"product-type-simple"},"_links":{"self":[{"href":"https:\/\/vinoljubac.hr\/hr\/wp-json\/wp\/v2\/product\/6156","targetHints":{"allow":["GET"]}}],"collection":[{"href":"https:\/\/vinoljubac.hr\/hr\/wp-json\/wp\/v2\/product"}],"about":[{"href":"https:\/\/vinoljubac.hr\/hr\/wp-json\/wp\/v2\/types\/product"}],"replies":[{"embeddable":true,"href":"https:\/\/vinoljubac.hr\/hr\/wp-json\/wp\/v2\/comments?post=6156"}],"version-history":[{"count":1,"href":"https:\/\/vinoljubac.hr\/hr\/wp-json\/wp\/v2\/product\/6156\/revisions"}],"predecessor-version":[{"id":11071,"href":"https:\/\/vinoljubac.hr\/hr\/wp-json\/wp\/v2\/product\/6156\/revisions\/11071"}],"wp:featuredmedia":[{"embeddable":true,"href":"https:\/\/vinoljubac.hr\/hr\/wp-json\/wp\/v2\/media\/6085"}],"wp:attachment":[{"href":"https:\/\/vinoljubac.hr\/hr\/wp-json\/wp\/v2\/media?parent=6156"}],"wp:term":[{"taxonomy":"product_brand","embeddable":true,"href":"https:\/\/vinoljubac.hr\/hr\/wp-json\/wp\/v2\/product_brand?post=6156"},{"taxonomy":"product_cat","embeddable":true,"href":"https:\/\/vinoljubac.hr\/hr\/wp-json\/wp\/v2\/product_cat?post=6156"},{"taxonomy":"product_tag","embeddable":true,"href":"https:\/\/vinoljubac.hr\/hr\/wp-json\/wp\/v2\/product_tag?post=6156"}],"curies":[{"name":"wp","href":"https:\/\/api.w.org\/{rel}","templated":true}]}}