{"id":6178,"date":"2022-08-22T10:52:28","date_gmt":"2022-08-22T08:52:28","guid":{"rendered":"https:\/\/vinoljubac.hr\/?post_type=product&#038;p=6178"},"modified":"2025-04-01T14:45:44","modified_gmt":"2025-04-01T12:45:44","slug":"kabola-rosa","status":"publish","type":"product","link":"https:\/\/vinoljubac.hr\/hr\/proizvod\/kabola-rosa\/","title":{"rendered":"KABOLA ROSA"},"content":{"rendered":"","protected":false},"excerpt":{"rendered":"<p>Vino krasi lijepa boja tre\u0161nje, bistro je i djelomi\u010dno gusto, miris je izra\u017een i fine je kakvo\u0107e. Na nosu se javljaju note maline i \u0161umske jagode pra\u0107ene notom gumenih bombona. Vino je suho, djelomi\u010dno toplo i mekano, a s druge strane krasi ga ugodna svje\u017eina i blagi tanini. Srednjeg je tijela, ukusno, uravnote\u017eeno, intenzivno i djelomi\u010dno trajno. Zavr\u0161etak ovog harmoni\u010dnog vina obilje\u017een je notom aronije. Poslu\u017eiti kao aperitiv ili uz Cezar salatu.<\/p>","protected":false},"featured_media":6215,"comment_status":"open","ping_status":"closed","template":"","meta":{"om_disable_all_campaigns":false,"_monsterinsights_skip_tracking":false,"_monsterinsights_sitenote_active":false,"_monsterinsights_sitenote_note":"","_monsterinsights_sitenote_category":0},"product_brand":[],"product_cat":[78,307],"product_tag":[],"class_list":{"0":"post-6178","1":"product","2":"type-product","3":"status-publish","4":"has-post-thumbnail","6":"product_cat-rose-wines","7":"product_cat-teran-rose-wines","8":"pa_alcohol-461","9":"pa_colour-rose","10":"pa_country-croatia","11":"pa_region-istria-and-croatian-littoral","12":"pa_residual-sugar-dry","13":"pa_subregion-croatian-istria","14":"pa_variety-teran","15":"pa_vineyard-west-istria","16":"pa_volume-750-ml","18":"first","19":"instock","20":"taxable","21":"shipping-taxable","22":"product-type-simple"},"_links":{"self":[{"href":"https:\/\/vinoljubac.hr\/hr\/wp-json\/wp\/v2\/product\/6178","targetHints":{"allow":["GET"]}}],"collection":[{"href":"https:\/\/vinoljubac.hr\/hr\/wp-json\/wp\/v2\/product"}],"about":[{"href":"https:\/\/vinoljubac.hr\/hr\/wp-json\/wp\/v2\/types\/product"}],"replies":[{"embeddable":true,"href":"https:\/\/vinoljubac.hr\/hr\/wp-json\/wp\/v2\/comments?post=6178"}],"version-history":[{"count":1,"href":"https:\/\/vinoljubac.hr\/hr\/wp-json\/wp\/v2\/product\/6178\/revisions"}],"predecessor-version":[{"id":11072,"href":"https:\/\/vinoljubac.hr\/hr\/wp-json\/wp\/v2\/product\/6178\/revisions\/11072"}],"wp:featuredmedia":[{"embeddable":true,"href":"https:\/\/vinoljubac.hr\/hr\/wp-json\/wp\/v2\/media\/6215"}],"wp:attachment":[{"href":"https:\/\/vinoljubac.hr\/hr\/wp-json\/wp\/v2\/media?parent=6178"}],"wp:term":[{"taxonomy":"product_brand","embeddable":true,"href":"https:\/\/vinoljubac.hr\/hr\/wp-json\/wp\/v2\/product_brand?post=6178"},{"taxonomy":"product_cat","embeddable":true,"href":"https:\/\/vinoljubac.hr\/hr\/wp-json\/wp\/v2\/product_cat?post=6178"},{"taxonomy":"product_tag","embeddable":true,"href":"https:\/\/vinoljubac.hr\/hr\/wp-json\/wp\/v2\/product_tag?post=6178"}],"curies":[{"name":"wp","href":"https:\/\/api.w.org\/{rel}","templated":true}]}}