{"id":6184,"date":"2022-08-22T11:21:30","date_gmt":"2022-08-22T09:21:30","guid":{"rendered":"https:\/\/vinoljubac.hr\/?post_type=product&#038;p=6184"},"modified":"2025-04-07T11:10:57","modified_gmt":"2025-04-07T09:10:57","slug":"rozal-hill-rose","status":"publish","type":"product","link":"https:\/\/vinoljubac.hr\/hr\/proizvod\/rozal-hill-rose\/","title":{"rendered":"ROYAL HILL ROS\u00c9"},"content":{"rendered":"","protected":false},"excerpt":{"rendered":"<p>Prekrasne ru\u017ei\u010daste boje lososa, ovaj elegantni <em>ros\u00e9<\/em> pokazuje punu paletu vo\u0107nosti, svje\u017eine i mineralnosti tipi\u010dne za sortu Cabernet sauvignon i jedinstveni podunavski <em>terroir<\/em>. Miris obiluje aromama crvenog bobi\u010dastog vo\u0107a upotpunjenog notama tropskog vo\u0107a, breskve i citrusa. Na okus svje\u017ee i mineralno s dugim zavr\u0161etkom. Idealno kao aperitiv ili pi\u0107e dobrodo\u0161lice.<\/p>","protected":false},"featured_media":8901,"comment_status":"open","ping_status":"closed","template":"","meta":{"om_disable_all_campaigns":false,"_monsterinsights_skip_tracking":false,"_monsterinsights_sitenote_active":false,"_monsterinsights_sitenote_note":"","_monsterinsights_sitenote_category":0},"product_brand":[],"product_cat":[233,78],"product_tag":[],"class_list":{"0":"post-6184","1":"product","2":"type-product","3":"status-publish","4":"has-post-thumbnail","6":"product_cat-cabernet-sauvignon-rose-wines","7":"product_cat-rose-wines","8":"pa_alcohol-461","9":"pa_colour-rose","10":"pa_country-croatia","11":"pa_region-slavonia-and-croatian-danube","12":"pa_residual-sugar-dry","13":"pa_vineyard-erdut","14":"pa_volume-750-ml","16":"first","17":"instock","18":"taxable","19":"shipping-taxable","20":"product-type-simple"},"_links":{"self":[{"href":"https:\/\/vinoljubac.hr\/hr\/wp-json\/wp\/v2\/product\/6184","targetHints":{"allow":["GET"]}}],"collection":[{"href":"https:\/\/vinoljubac.hr\/hr\/wp-json\/wp\/v2\/product"}],"about":[{"href":"https:\/\/vinoljubac.hr\/hr\/wp-json\/wp\/v2\/types\/product"}],"replies":[{"embeddable":true,"href":"https:\/\/vinoljubac.hr\/hr\/wp-json\/wp\/v2\/comments?post=6184"}],"version-history":[{"count":1,"href":"https:\/\/vinoljubac.hr\/hr\/wp-json\/wp\/v2\/product\/6184\/revisions"}],"predecessor-version":[{"id":11194,"href":"https:\/\/vinoljubac.hr\/hr\/wp-json\/wp\/v2\/product\/6184\/revisions\/11194"}],"wp:featuredmedia":[{"embeddable":true,"href":"https:\/\/vinoljubac.hr\/hr\/wp-json\/wp\/v2\/media\/8901"}],"wp:attachment":[{"href":"https:\/\/vinoljubac.hr\/hr\/wp-json\/wp\/v2\/media?parent=6184"}],"wp:term":[{"taxonomy":"product_brand","embeddable":true,"href":"https:\/\/vinoljubac.hr\/hr\/wp-json\/wp\/v2\/product_brand?post=6184"},{"taxonomy":"product_cat","embeddable":true,"href":"https:\/\/vinoljubac.hr\/hr\/wp-json\/wp\/v2\/product_cat?post=6184"},{"taxonomy":"product_tag","embeddable":true,"href":"https:\/\/vinoljubac.hr\/hr\/wp-json\/wp\/v2\/product_tag?post=6184"}],"curies":[{"name":"wp","href":"https:\/\/api.w.org\/{rel}","templated":true}]}}