{"id":6189,"date":"2022-08-22T12:20:02","date_gmt":"2022-08-22T10:20:02","guid":{"rendered":"https:\/\/vinoljubac.hr\/?post_type=product&#038;p=6189"},"modified":"2025-05-07T12:33:25","modified_gmt":"2025-05-07T10:33:25","slug":"bolfan-aromano","status":"publish","type":"product","link":"https:\/\/vinoljubac.hr\/hr\/proizvod\/bolfan-aromano\/","title":{"rendered":"BOLFAN AROMANO"},"content":{"rendered":"","protected":false},"excerpt":{"rendered":"<p>Vrhunsko naran\u010dasto vino od ekolo\u0161kog gro\u017eda. Kroz trodnevnu maceraciju daje istinski do\u017eivljaj boje i mirisa s prirodnom florom sorte Pinot sivi.<\/p>","protected":false},"featured_media":6218,"comment_status":"open","ping_status":"closed","template":"","meta":{"om_disable_all_campaigns":false,"_monsterinsights_skip_tracking":false,"_monsterinsights_sitenote_active":false,"_monsterinsights_sitenote_note":"","_monsterinsights_sitenote_category":0},"product_brand":[],"product_cat":[305,309],"product_tag":[],"class_list":{"0":"post-6189","1":"product","2":"type-product","3":"status-publish","4":"has-post-thumbnail","6":"product_cat-orange-wines","7":"product_cat-pinot-grigio","8":"pa_alcohol-483","9":"pa_colour-orange","10":"pa_country-croatia","11":"pa_region-croatian-uplands","12":"pa_residual-sugar-dry","13":"pa_subregion-zagorje-medimurje","14":"pa_variety-pinot-gray","15":"pa_vineyard-zlatar","16":"pa_volume-750-ml","18":"first","19":"instock","20":"taxable","21":"shipping-taxable","22":"product-type-simple"},"_links":{"self":[{"href":"https:\/\/vinoljubac.hr\/hr\/wp-json\/wp\/v2\/product\/6189","targetHints":{"allow":["GET"]}}],"collection":[{"href":"https:\/\/vinoljubac.hr\/hr\/wp-json\/wp\/v2\/product"}],"about":[{"href":"https:\/\/vinoljubac.hr\/hr\/wp-json\/wp\/v2\/types\/product"}],"replies":[{"embeddable":true,"href":"https:\/\/vinoljubac.hr\/hr\/wp-json\/wp\/v2\/comments?post=6189"}],"version-history":[{"count":0,"href":"https:\/\/vinoljubac.hr\/hr\/wp-json\/wp\/v2\/product\/6189\/revisions"}],"wp:featuredmedia":[{"embeddable":true,"href":"https:\/\/vinoljubac.hr\/hr\/wp-json\/wp\/v2\/media\/6218"}],"wp:attachment":[{"href":"https:\/\/vinoljubac.hr\/hr\/wp-json\/wp\/v2\/media?parent=6189"}],"wp:term":[{"taxonomy":"product_brand","embeddable":true,"href":"https:\/\/vinoljubac.hr\/hr\/wp-json\/wp\/v2\/product_brand?post=6189"},{"taxonomy":"product_cat","embeddable":true,"href":"https:\/\/vinoljubac.hr\/hr\/wp-json\/wp\/v2\/product_cat?post=6189"},{"taxonomy":"product_tag","embeddable":true,"href":"https:\/\/vinoljubac.hr\/hr\/wp-json\/wp\/v2\/product_tag?post=6189"}],"curies":[{"name":"wp","href":"https:\/\/api.w.org\/{rel}","templated":true}]}}