{"id":6375,"date":"2022-08-29T08:33:03","date_gmt":"2022-08-29T06:33:03","guid":{"rendered":"https:\/\/vinoljubac.hr\/?post_type=product&#038;p=6375"},"modified":"2025-04-01T08:49:18","modified_gmt":"2025-04-01T06:49:18","slug":"crvik-negromant","status":"publish","type":"product","link":"https:\/\/vinoljubac.hr\/hr\/proizvod\/crvik-negromant\/","title":{"rendered":"CRVIK NEGROMANT"},"content":{"rendered":"","protected":false},"excerpt":{"rendered":"<p id=\"tw-target-text\" class=\"tw-data-text tw-text-large tw-ta\" dir=\"ltr\" data-placeholder=\"Prijevod\"><span class=\"Y2IQFc\" lang=\"en\">Vo\u0107ni miris, poglavito maline, duboka rubinska boja i odle\u017eavanje u malim hrastovim ba\u010dvama glavne su odlike koje isti\u010du ovu po\u017eeljnu sortu. U\u017eiva se uz tamno meso, sitnu i krupnu divlja\u010d te aromati\u010dne i zrele sireve pri temperaturi.<\/span><\/p>","protected":false},"featured_media":6446,"comment_status":"open","ping_status":"closed","template":"","meta":{"om_disable_all_campaigns":false,"_monsterinsights_skip_tracking":false,"_monsterinsights_sitenote_active":false,"_monsterinsights_sitenote_note":"","_monsterinsights_sitenote_category":0},"product_brand":[],"product_cat":[46,43],"product_tag":[],"class_list":{"0":"post-6375","1":"product","2":"type-product","3":"status-publish","4":"has-post-thumbnail","6":"product_cat-merlot","7":"product_cat-red-wines","8":"pa_alcohol-483","9":"pa_colour-red","10":"pa_country-croatia","11":"pa_region-dalmatia","12":"pa_residual-sugar-semi-dry","13":"pa_subregion-central-and-south-dalmatia","14":"pa_variety-merlot","15":"pa_vineyard-konavle","16":"pa_volume-750-ml","18":"first","19":"instock","20":"taxable","21":"shipping-taxable","22":"product-type-simple"},"_links":{"self":[{"href":"https:\/\/vinoljubac.hr\/hr\/wp-json\/wp\/v2\/product\/6375","targetHints":{"allow":["GET"]}}],"collection":[{"href":"https:\/\/vinoljubac.hr\/hr\/wp-json\/wp\/v2\/product"}],"about":[{"href":"https:\/\/vinoljubac.hr\/hr\/wp-json\/wp\/v2\/types\/product"}],"replies":[{"embeddable":true,"href":"https:\/\/vinoljubac.hr\/hr\/wp-json\/wp\/v2\/comments?post=6375"}],"version-history":[{"count":1,"href":"https:\/\/vinoljubac.hr\/hr\/wp-json\/wp\/v2\/product\/6375\/revisions"}],"predecessor-version":[{"id":11028,"href":"https:\/\/vinoljubac.hr\/hr\/wp-json\/wp\/v2\/product\/6375\/revisions\/11028"}],"wp:featuredmedia":[{"embeddable":true,"href":"https:\/\/vinoljubac.hr\/hr\/wp-json\/wp\/v2\/media\/6446"}],"wp:attachment":[{"href":"https:\/\/vinoljubac.hr\/hr\/wp-json\/wp\/v2\/media?parent=6375"}],"wp:term":[{"taxonomy":"product_brand","embeddable":true,"href":"https:\/\/vinoljubac.hr\/hr\/wp-json\/wp\/v2\/product_brand?post=6375"},{"taxonomy":"product_cat","embeddable":true,"href":"https:\/\/vinoljubac.hr\/hr\/wp-json\/wp\/v2\/product_cat?post=6375"},{"taxonomy":"product_tag","embeddable":true,"href":"https:\/\/vinoljubac.hr\/hr\/wp-json\/wp\/v2\/product_tag?post=6375"}],"curies":[{"name":"wp","href":"https:\/\/api.w.org\/{rel}","templated":true}]}}