{"id":6390,"date":"2022-09-01T08:36:53","date_gmt":"2022-09-01T06:36:53","guid":{"rendered":"https:\/\/vinoljubac.hr\/?post_type=product&#038;p=6390"},"modified":"2025-10-16T13:07:08","modified_gmt":"2025-10-16T11:07:08","slug":"grgic-plavac","status":"publish","type":"product","link":"https:\/\/vinoljubac.hr\/hr\/proizvod\/grgic-plavac\/","title":{"rendered":"GRGI\u0106 PLAVAC MALI"},"content":{"rendered":"","protected":false},"excerpt":{"rendered":"<p>Ovo vino oboga\u0107eno je nje\u017enim taninima i ugodnim aromama kupine i dalmatinskog cvije\u0107a, rubinasto crvene boje. Gro\u017e\u0111e se bira iz najboljih vinograda poznatih lokacija Dinga\u010d i Trstenik na poluotoku Pelje\u0161cu. Fermentacija se odvija s prirodnim kvascima na kontroliranoj temperaturi zbog \u010dega zadr\u017eava svoj karakter i vo\u0107ni okus. Nakon fermentacije, vino odstoji oko 15 mjeseci u posebnim ba\u010dvama od francuskog hrasta koje vinu daju ugodan okus hrastovine. Nakon toga vino sazrijeva oko dvije godina u bocama u kojima se arome sjedinjuju te dobiva profinjen okus.<\/p>","protected":false},"featured_media":6380,"comment_status":"open","ping_status":"closed","template":"","meta":{"om_disable_all_campaigns":false,"_monsterinsights_skip_tracking":false,"_monsterinsights_sitenote_active":false,"_monsterinsights_sitenote_note":"","_monsterinsights_sitenote_category":0},"product_brand":[],"product_cat":[106,43],"product_tag":[],"class_list":{"0":"post-6390","1":"product","2":"type-product","3":"status-publish","4":"has-post-thumbnail","6":"product_cat-plavac-mali","7":"product_cat-red-wines","8":"pa_alcohol-497","9":"pa_colour-red","10":"pa_country-croatia","11":"pa_region-dalmatia","12":"pa_residual-sugar-dry","13":"pa_vineyard-peljesac","14":"pa_volume-750-ml","16":"first","17":"instock","18":"taxable","19":"shipping-taxable","20":"product-type-simple"},"_links":{"self":[{"href":"https:\/\/vinoljubac.hr\/hr\/wp-json\/wp\/v2\/product\/6390","targetHints":{"allow":["GET"]}}],"collection":[{"href":"https:\/\/vinoljubac.hr\/hr\/wp-json\/wp\/v2\/product"}],"about":[{"href":"https:\/\/vinoljubac.hr\/hr\/wp-json\/wp\/v2\/types\/product"}],"replies":[{"embeddable":true,"href":"https:\/\/vinoljubac.hr\/hr\/wp-json\/wp\/v2\/comments?post=6390"}],"version-history":[{"count":1,"href":"https:\/\/vinoljubac.hr\/hr\/wp-json\/wp\/v2\/product\/6390\/revisions"}],"predecessor-version":[{"id":11254,"href":"https:\/\/vinoljubac.hr\/hr\/wp-json\/wp\/v2\/product\/6390\/revisions\/11254"}],"wp:featuredmedia":[{"embeddable":true,"href":"https:\/\/vinoljubac.hr\/hr\/wp-json\/wp\/v2\/media\/6380"}],"wp:attachment":[{"href":"https:\/\/vinoljubac.hr\/hr\/wp-json\/wp\/v2\/media?parent=6390"}],"wp:term":[{"taxonomy":"product_brand","embeddable":true,"href":"https:\/\/vinoljubac.hr\/hr\/wp-json\/wp\/v2\/product_brand?post=6390"},{"taxonomy":"product_cat","embeddable":true,"href":"https:\/\/vinoljubac.hr\/hr\/wp-json\/wp\/v2\/product_cat?post=6390"},{"taxonomy":"product_tag","embeddable":true,"href":"https:\/\/vinoljubac.hr\/hr\/wp-json\/wp\/v2\/product_tag?post=6390"}],"curies":[{"name":"wp","href":"https:\/\/api.w.org\/{rel}","templated":true}]}}