{"id":6896,"date":"2022-12-12T14:07:15","date_gmt":"2022-12-12T13:07:15","guid":{"rendered":"https:\/\/vinoljubac.hr\/?post_type=product&#038;p=6896"},"modified":"2026-04-15T08:59:05","modified_gmt":"2026-04-15T06:59:05","slug":"puntar-sinner","status":"publish","type":"product","link":"https:\/\/vinoljubac.hr\/hr\/proizvod\/puntar-sinner\/","title":{"rendered":"PUNTAR SINNER"},"content":{"rendered":"","protected":false},"excerpt":{"rendered":"<p class=\"translation-block\">Izrazito gusto i kompaktno u \u010da\u0161i, sna\u017ene boje koja odaje nevjerojatnu koncentraciju. Kada se vrti u \u010da\u0161i pojavljuje se ljubi\u010dasta nijansa na rubovima kao znak \u017eivosti vina i potencijala. Aromatski bogato i kompleksno, bobi\u010dasto vo\u0107e ukomponirano u jako ugodne arome drveta. Okusom jako mo\u0107no, uljne konzistencije pri \u010demu dominira vo\u0107nost i \u017eivost koju odli\u010dno prate arome drveta. Taninska struktura, dosta mo\u0107na i ugla\u0111ena, omogu\u0107iti \u0107e vinu odli\u010dnu sposobnost dozrijevanja. Zavr\u0161etak idealno izbalansiran i trajan. Odli\u010dan izbor uz odreske i dalmatinske peke.<\/p>","protected":false},"featured_media":0,"comment_status":"open","ping_status":"closed","template":"","meta":{"om_disable_all_campaigns":false,"_monsterinsights_skip_tracking":false,"_monsterinsights_sitenote_active":false,"_monsterinsights_sitenote_note":"","_monsterinsights_sitenote_category":0},"product_brand":[],"product_cat":[161,49,43,203,339],"product_tag":[],"class_list":{"0":"post-6896","1":"product","2":"type-product","3":"status-publish","5":"product_cat-blatina","6":"product_cat-cabernet-sauvignon","7":"product_cat-red-wines","8":"product_cat-trnjak-red-wines","9":"product_cat-vranac","10":"pa_alcohol-457","11":"pa_colour-red","12":"pa_country-bosnia-and-herzegovina","13":"pa_region-herzegovina","14":"pa_residual-sugar-dry","15":"pa_subregion-central-neretva","16":"pa_variety-blatina","17":"pa_variety-cabernet-sauvignon","18":"pa_variety-trnjak","19":"pa_variety-vranac","20":"pa_volume-750-ml","22":"first","23":"instock","24":"taxable","25":"shipping-taxable","26":"product-type-simple"},"_links":{"self":[{"href":"https:\/\/vinoljubac.hr\/hr\/wp-json\/wp\/v2\/product\/6896","targetHints":{"allow":["GET"]}}],"collection":[{"href":"https:\/\/vinoljubac.hr\/hr\/wp-json\/wp\/v2\/product"}],"about":[{"href":"https:\/\/vinoljubac.hr\/hr\/wp-json\/wp\/v2\/types\/product"}],"replies":[{"embeddable":true,"href":"https:\/\/vinoljubac.hr\/hr\/wp-json\/wp\/v2\/comments?post=6896"}],"version-history":[{"count":1,"href":"https:\/\/vinoljubac.hr\/hr\/wp-json\/wp\/v2\/product\/6896\/revisions"}],"predecessor-version":[{"id":11388,"href":"https:\/\/vinoljubac.hr\/hr\/wp-json\/wp\/v2\/product\/6896\/revisions\/11388"}],"wp:attachment":[{"href":"https:\/\/vinoljubac.hr\/hr\/wp-json\/wp\/v2\/media?parent=6896"}],"wp:term":[{"taxonomy":"product_brand","embeddable":true,"href":"https:\/\/vinoljubac.hr\/hr\/wp-json\/wp\/v2\/product_brand?post=6896"},{"taxonomy":"product_cat","embeddable":true,"href":"https:\/\/vinoljubac.hr\/hr\/wp-json\/wp\/v2\/product_cat?post=6896"},{"taxonomy":"product_tag","embeddable":true,"href":"https:\/\/vinoljubac.hr\/hr\/wp-json\/wp\/v2\/product_tag?post=6896"}],"curies":[{"name":"wp","href":"https:\/\/api.w.org\/{rel}","templated":true}]}}