{"id":6898,"date":"2022-12-12T14:18:40","date_gmt":"2022-12-12T13:18:40","guid":{"rendered":"https:\/\/vinoljubac.hr\/?post_type=product&#038;p=6898"},"modified":"2026-04-15T08:59:05","modified_gmt":"2026-04-15T06:59:05","slug":"puntar-blatina-reserve","status":"publish","type":"product","link":"https:\/\/vinoljubac.hr\/hr\/proizvod\/puntar-blatina-reserve\/","title":{"rendered":"PUNTAR BLATINA RESERVE"},"content":{"rendered":"","protected":false},"excerpt":{"rendered":"<p class=\"translation-block\">Proizvodi se samo u izuzetnim vinogradarskim godinama kada vremenski uvjeti dozvoljavaju potpunu zrelost gro\u017e\u0111a. Berba se obavlja ru\u010dno uz strogu selekciju gro\u017e\u0111a u vinogradu te jo\u0161 jednu selekciju u podrumu. Fermentacija se odvija na vlastitim kvascima uz du\u017eu maceraciju s ciljem \u0161to ve\u0107e ekstrakcije kvalitetnih sastojaka iz poko\u017eice. Nakon fermentacije vino odle\u017eava na talogu od vlastitih kvasaca 18 do 24 mjeseca.<\/p>","protected":false},"featured_media":0,"comment_status":"open","ping_status":"closed","template":"","meta":{"om_disable_all_campaigns":false,"_monsterinsights_skip_tracking":false,"_monsterinsights_sitenote_active":false,"_monsterinsights_sitenote_note":"","_monsterinsights_sitenote_category":0},"product_brand":[],"product_cat":[161,43],"product_tag":[],"class_list":{"0":"post-6898","1":"product","2":"type-product","3":"status-publish","5":"product_cat-blatina","6":"product_cat-red-wines","7":"pa_alcohol-14-2","8":"pa_colour-red","9":"pa_country-bosnia-and-herzegovina","10":"pa_region-herzegovina","11":"pa_residual-sugar-dry","12":"pa_subregion-central-neretva","13":"pa_variety-blatina","14":"pa_volume-750-ml","16":"first","17":"instock","18":"taxable","19":"shipping-taxable","20":"product-type-simple"},"_links":{"self":[{"href":"https:\/\/vinoljubac.hr\/hr\/wp-json\/wp\/v2\/product\/6898","targetHints":{"allow":["GET"]}}],"collection":[{"href":"https:\/\/vinoljubac.hr\/hr\/wp-json\/wp\/v2\/product"}],"about":[{"href":"https:\/\/vinoljubac.hr\/hr\/wp-json\/wp\/v2\/types\/product"}],"replies":[{"embeddable":true,"href":"https:\/\/vinoljubac.hr\/hr\/wp-json\/wp\/v2\/comments?post=6898"}],"version-history":[{"count":1,"href":"https:\/\/vinoljubac.hr\/hr\/wp-json\/wp\/v2\/product\/6898\/revisions"}],"predecessor-version":[{"id":11386,"href":"https:\/\/vinoljubac.hr\/hr\/wp-json\/wp\/v2\/product\/6898\/revisions\/11386"}],"wp:attachment":[{"href":"https:\/\/vinoljubac.hr\/hr\/wp-json\/wp\/v2\/media?parent=6898"}],"wp:term":[{"taxonomy":"product_brand","embeddable":true,"href":"https:\/\/vinoljubac.hr\/hr\/wp-json\/wp\/v2\/product_brand?post=6898"},{"taxonomy":"product_cat","embeddable":true,"href":"https:\/\/vinoljubac.hr\/hr\/wp-json\/wp\/v2\/product_cat?post=6898"},{"taxonomy":"product_tag","embeddable":true,"href":"https:\/\/vinoljubac.hr\/hr\/wp-json\/wp\/v2\/product_tag?post=6898"}],"curies":[{"name":"wp","href":"https:\/\/api.w.org\/{rel}","templated":true}]}}