{"id":6900,"date":"2022-12-12T14:33:38","date_gmt":"2022-12-12T13:33:38","guid":{"rendered":"https:\/\/vinoljubac.hr\/?post_type=product&#038;p=6900"},"modified":"2026-04-15T08:59:04","modified_gmt":"2026-04-15T06:59:04","slug":"puntar-69","status":"publish","type":"product","link":"https:\/\/vinoljubac.hr\/hr\/proizvod\/puntar-69\/","title":{"rendered":"PUNTAR 69"},"content":{"rendered":"","protected":false},"excerpt":{"rendered":"<p class=\"translation-block\">Dvije najpotentnije i najmo\u0107nije sorte u Hercegovini su vranac i trnjak koje imaju izuzetno mo\u0107an ju\u017enja\u010dki karakter kojega je ponekad te\u0161ko ukrotiti i obuzdati. Vino odle\u017eava \u0161est mjeseci u novim barrique ba\u010dvama, a nakon toga devet mjeseci u kori\u0161tenim ba\u010dvama. Vino u kojem je mogu\u0107e u\u017eivati odmah, ali i \u010duvati ga godinama. Izuzetne taninske strukture koja mu daje sposobnost dozrijevanja.<\/p>","protected":false},"featured_media":0,"comment_status":"open","ping_status":"closed","template":"","meta":{"om_disable_all_campaigns":false,"_monsterinsights_skip_tracking":false,"_monsterinsights_sitenote_active":false,"_monsterinsights_sitenote_note":"","_monsterinsights_sitenote_category":0},"product_brand":[],"product_cat":[43,203,339],"product_tag":[],"class_list":{"0":"post-6900","1":"product","2":"type-product","3":"status-publish","5":"product_cat-red-wines","6":"product_cat-trnjak-red-wines","7":"product_cat-vranac","8":"pa_alcohol-457","9":"pa_colour-red","10":"pa_country-bosnia-and-herzegovina","11":"pa_region-herzegovina","12":"pa_residual-sugar-dry","13":"pa_subregion-central-neretva","14":"pa_variety-trnjak","15":"pa_variety-vranac","16":"pa_volume-750-ml","18":"first","19":"instock","20":"taxable","21":"shipping-taxable","22":"product-type-simple"},"_links":{"self":[{"href":"https:\/\/vinoljubac.hr\/hr\/wp-json\/wp\/v2\/product\/6900","targetHints":{"allow":["GET"]}}],"collection":[{"href":"https:\/\/vinoljubac.hr\/hr\/wp-json\/wp\/v2\/product"}],"about":[{"href":"https:\/\/vinoljubac.hr\/hr\/wp-json\/wp\/v2\/types\/product"}],"replies":[{"embeddable":true,"href":"https:\/\/vinoljubac.hr\/hr\/wp-json\/wp\/v2\/comments?post=6900"}],"version-history":[{"count":0,"href":"https:\/\/vinoljubac.hr\/hr\/wp-json\/wp\/v2\/product\/6900\/revisions"}],"wp:attachment":[{"href":"https:\/\/vinoljubac.hr\/hr\/wp-json\/wp\/v2\/media?parent=6900"}],"wp:term":[{"taxonomy":"product_brand","embeddable":true,"href":"https:\/\/vinoljubac.hr\/hr\/wp-json\/wp\/v2\/product_brand?post=6900"},{"taxonomy":"product_cat","embeddable":true,"href":"https:\/\/vinoljubac.hr\/hr\/wp-json\/wp\/v2\/product_cat?post=6900"},{"taxonomy":"product_tag","embeddable":true,"href":"https:\/\/vinoljubac.hr\/hr\/wp-json\/wp\/v2\/product_tag?post=6900"}],"curies":[{"name":"wp","href":"https:\/\/api.w.org\/{rel}","templated":true}]}}