{"id":6903,"date":"2022-12-12T14:45:48","date_gmt":"2022-12-12T13:45:48","guid":{"rendered":"https:\/\/vinoljubac.hr\/?post_type=product&#038;p=6903"},"modified":"2026-04-15T08:59:05","modified_gmt":"2026-04-15T06:59:05","slug":"puntar-zilavka-selekcija","status":"publish","type":"product","link":"https:\/\/vinoljubac.hr\/hr\/proizvod\/puntar-zilavka-selekcija\/","title":{"rendered":"PUNTAR \u017dILAVKA SELEKCIJA"},"content":{"rendered":"","protected":false},"excerpt":{"rendered":"<p class=\"translation-block\">Zlatnozelene boje, kristalno bistro, guste konzistencije. Sortne arome - breskva i marelica uz blagi osjet mediteranskog bilja. U ustima mo\u0107no, kompaktno, izra\u017eene vo\u0107nosti, tekstura uljasta, a svje\u017eina savr\u0161eno uklopljena u strukturu. Jako mineralno uz dugi izbalansirani zavr\u0161etak.<\/p>","protected":false},"featured_media":0,"comment_status":"open","ping_status":"closed","template":"","meta":{"om_disable_all_campaigns":false,"_monsterinsights_skip_tracking":false,"_monsterinsights_sitenote_active":false,"_monsterinsights_sitenote_note":"","_monsterinsights_sitenote_category":0},"product_brand":[],"product_cat":[44,171],"product_tag":[],"class_list":{"0":"post-6903","1":"product","2":"type-product","3":"status-publish","5":"product_cat-white-wines","6":"product_cat-zilavka","7":"pa_alcohol-138","8":"pa_colour-white","9":"pa_country-bosnia-and-herzegovina","10":"pa_region-herzegovina","11":"pa_residual-sugar-dry","12":"pa_subregion-central-neretva","13":"pa_variety-zilavka","14":"pa_volume-750-ml","16":"first","17":"instock","18":"taxable","19":"shipping-taxable","20":"product-type-simple"},"_links":{"self":[{"href":"https:\/\/vinoljubac.hr\/hr\/wp-json\/wp\/v2\/product\/6903","targetHints":{"allow":["GET"]}}],"collection":[{"href":"https:\/\/vinoljubac.hr\/hr\/wp-json\/wp\/v2\/product"}],"about":[{"href":"https:\/\/vinoljubac.hr\/hr\/wp-json\/wp\/v2\/types\/product"}],"replies":[{"embeddable":true,"href":"https:\/\/vinoljubac.hr\/hr\/wp-json\/wp\/v2\/comments?post=6903"}],"version-history":[{"count":1,"href":"https:\/\/vinoljubac.hr\/hr\/wp-json\/wp\/v2\/product\/6903\/revisions"}],"predecessor-version":[{"id":11387,"href":"https:\/\/vinoljubac.hr\/hr\/wp-json\/wp\/v2\/product\/6903\/revisions\/11387"}],"wp:attachment":[{"href":"https:\/\/vinoljubac.hr\/hr\/wp-json\/wp\/v2\/media?parent=6903"}],"wp:term":[{"taxonomy":"product_brand","embeddable":true,"href":"https:\/\/vinoljubac.hr\/hr\/wp-json\/wp\/v2\/product_brand?post=6903"},{"taxonomy":"product_cat","embeddable":true,"href":"https:\/\/vinoljubac.hr\/hr\/wp-json\/wp\/v2\/product_cat?post=6903"},{"taxonomy":"product_tag","embeddable":true,"href":"https:\/\/vinoljubac.hr\/hr\/wp-json\/wp\/v2\/product_tag?post=6903"}],"curies":[{"name":"wp","href":"https:\/\/api.w.org\/{rel}","templated":true}]}}