{"id":6905,"date":"2022-12-12T14:53:17","date_gmt":"2022-12-12T13:53:17","guid":{"rendered":"https:\/\/vinoljubac.hr\/?post_type=product&#038;p=6905"},"modified":"2025-12-08T09:09:52","modified_gmt":"2025-12-08T08:09:52","slug":"puntar-saint","status":"publish","type":"product","link":"https:\/\/vinoljubac.hr\/hr\/proizvod\/puntar-saint\/","title":{"rendered":"PUNTAR SAINT"},"content":{"rendered":"","protected":false},"excerpt":{"rendered":"<p class=\"translation-block\">Na oko savr\u0161ena zelenozlatna boja odaje bogato mediteransko vino, gusto i kompaktno kada se zavrti u \u010da\u0161i. Aroma nastavlja odli\u010dan vizualni dojam - bogato i intenzivno na nosu, prevladavaju arome tropskog vo\u0107a. Okus ugodno svje\u017e, hrskav, dominiraju vo\u0107nost te skladan odnos strukture i mineralnosti. Zavr\u0161etak dugotrajan i balansiran.<\/p>","protected":false},"featured_media":0,"comment_status":"open","ping_status":"closed","template":"","meta":{"om_disable_all_campaigns":false,"_monsterinsights_skip_tracking":false,"_monsterinsights_sitenote_active":false,"_monsterinsights_sitenote_note":"","_monsterinsights_sitenote_category":0},"product_brand":[],"product_cat":[52,279,177,44,171],"product_tag":[],"class_list":{"0":"post-6905","1":"product","2":"type-product","3":"status-publish","5":"product_cat-chardonnay","6":"product_cat-grk","7":"product_cat-posip","8":"product_cat-white-wines","9":"product_cat-zilavka","10":"pa_alcohol-138","11":"pa_colour-white","12":"pa_country-bosnia-and-herzegovina","13":"pa_region-herzegovina","14":"pa_residual-sugar-dry","15":"pa_subregion-central-neretva","16":"pa_variety-chardonnay","17":"pa_variety-grk","18":"pa_variety-posip","19":"pa_variety-zilavka","20":"pa_volume-750-ml","22":"first","23":"outofstock","24":"taxable","25":"shipping-taxable","26":"product-type-simple"},"_links":{"self":[{"href":"https:\/\/vinoljubac.hr\/hr\/wp-json\/wp\/v2\/product\/6905","targetHints":{"allow":["GET"]}}],"collection":[{"href":"https:\/\/vinoljubac.hr\/hr\/wp-json\/wp\/v2\/product"}],"about":[{"href":"https:\/\/vinoljubac.hr\/hr\/wp-json\/wp\/v2\/types\/product"}],"replies":[{"embeddable":true,"href":"https:\/\/vinoljubac.hr\/hr\/wp-json\/wp\/v2\/comments?post=6905"}],"version-history":[{"count":1,"href":"https:\/\/vinoljubac.hr\/hr\/wp-json\/wp\/v2\/product\/6905\/revisions"}],"predecessor-version":[{"id":11376,"href":"https:\/\/vinoljubac.hr\/hr\/wp-json\/wp\/v2\/product\/6905\/revisions\/11376"}],"wp:attachment":[{"href":"https:\/\/vinoljubac.hr\/hr\/wp-json\/wp\/v2\/media?parent=6905"}],"wp:term":[{"taxonomy":"product_brand","embeddable":true,"href":"https:\/\/vinoljubac.hr\/hr\/wp-json\/wp\/v2\/product_brand?post=6905"},{"taxonomy":"product_cat","embeddable":true,"href":"https:\/\/vinoljubac.hr\/hr\/wp-json\/wp\/v2\/product_cat?post=6905"},{"taxonomy":"product_tag","embeddable":true,"href":"https:\/\/vinoljubac.hr\/hr\/wp-json\/wp\/v2\/product_tag?post=6905"}],"curies":[{"name":"wp","href":"https:\/\/api.w.org\/{rel}","templated":true}]}}