{"id":6929,"date":"2022-12-21T14:21:04","date_gmt":"2022-12-21T13:21:04","guid":{"rendered":"https:\/\/vinoljubac.hr\/?post_type=product&#038;p=6929"},"modified":"2025-04-01T08:41:57","modified_gmt":"2025-04-01T06:41:57","slug":"bratos-marastina","status":"publish","type":"product","link":"https:\/\/vinoljubac.hr\/hr\/proizvod\/bratos-marastina\/","title":{"rendered":"BRATO\u0160 MARA\u0160TINA"},"content":{"rendered":"","protected":false},"excerpt":{"rendered":"<p>Bijelo, suho vino sorte mara\u0161tina. Umjerene izra\u017eenosti aroma bijeloga cvije\u0107a i vo\u0107a. Srednjega tijela i umjerene svje\u017eine. Jednostavnije vino za svaki dan koje \u0107e se lijepo sljubiti uz bijelu ribu, \u0161koljke, hladna predjela ili salate.<\/p>","protected":false},"featured_media":0,"comment_status":"open","ping_status":"closed","template":"","meta":{"om_disable_all_campaigns":false,"_monsterinsights_skip_tracking":false,"_monsterinsights_sitenote_active":false,"_monsterinsights_sitenote_note":"","_monsterinsights_sitenote_category":0},"product_brand":[],"product_cat":[349,44],"product_tag":[],"class_list":{"0":"post-6929","1":"product","2":"type-product","3":"status-publish","5":"product_cat-marastina","6":"product_cat-white-wines","7":"pa_alcohol-457","8":"pa_colour-white","9":"pa_country-croatia","10":"pa_region-dalmatia","11":"pa_residual-sugar-dry","12":"pa_subregion-central-and-south-dalmatia","13":"pa_variety-marastina","14":"pa_vineyard-konavle","15":"pa_volume-750-ml","17":"first","18":"instock","19":"taxable","20":"shipping-taxable","21":"product-type-simple"},"_links":{"self":[{"href":"https:\/\/vinoljubac.hr\/hr\/wp-json\/wp\/v2\/product\/6929","targetHints":{"allow":["GET"]}}],"collection":[{"href":"https:\/\/vinoljubac.hr\/hr\/wp-json\/wp\/v2\/product"}],"about":[{"href":"https:\/\/vinoljubac.hr\/hr\/wp-json\/wp\/v2\/types\/product"}],"replies":[{"embeddable":true,"href":"https:\/\/vinoljubac.hr\/hr\/wp-json\/wp\/v2\/comments?post=6929"}],"version-history":[{"count":1,"href":"https:\/\/vinoljubac.hr\/hr\/wp-json\/wp\/v2\/product\/6929\/revisions"}],"predecessor-version":[{"id":11021,"href":"https:\/\/vinoljubac.hr\/hr\/wp-json\/wp\/v2\/product\/6929\/revisions\/11021"}],"wp:attachment":[{"href":"https:\/\/vinoljubac.hr\/hr\/wp-json\/wp\/v2\/media?parent=6929"}],"wp:term":[{"taxonomy":"product_brand","embeddable":true,"href":"https:\/\/vinoljubac.hr\/hr\/wp-json\/wp\/v2\/product_brand?post=6929"},{"taxonomy":"product_cat","embeddable":true,"href":"https:\/\/vinoljubac.hr\/hr\/wp-json\/wp\/v2\/product_cat?post=6929"},{"taxonomy":"product_tag","embeddable":true,"href":"https:\/\/vinoljubac.hr\/hr\/wp-json\/wp\/v2\/product_tag?post=6929"}],"curies":[{"name":"wp","href":"https:\/\/api.w.org\/{rel}","templated":true}]}}