{"id":6932,"date":"2022-12-21T14:26:15","date_gmt":"2022-12-21T13:26:15","guid":{"rendered":"https:\/\/vinoljubac.hr\/?post_type=product&#038;p=6932"},"modified":"2025-04-01T08:41:37","modified_gmt":"2025-04-01T06:41:37","slug":"bratos-muskat-zuti","status":"publish","type":"product","link":"https:\/\/vinoljubac.hr\/hr\/proizvod\/bratos-muskat-zuti\/","title":{"rendered":"BRATO\u0160 MU\u0160KAT \u017dUTI"},"content":{"rendered":"","protected":false},"excerpt":{"rendered":"<p>Bijelo, suho vino sorte mu\u0161kat s umjereno izra\u017eenom mu\u0161katnom aromom. Cvjetnoga je mirisa s naglaskom na bazgu. Odli\u010dno se sljubljuje s vo\u0107nim desertima i srednje zrelim sirevima.<\/p>","protected":false},"featured_media":0,"comment_status":"open","ping_status":"closed","template":"","meta":{"om_disable_all_campaigns":false,"_monsterinsights_skip_tracking":false,"_monsterinsights_sitenote_active":false,"_monsterinsights_sitenote_note":"","_monsterinsights_sitenote_category":0},"product_brand":[],"product_cat":[250,44],"product_tag":[],"class_list":{"0":"post-6932","1":"product","2":"type-product","3":"status-publish","5":"product_cat-muskat","6":"product_cat-white-wines","7":"pa_alcohol-116","8":"pa_colour-white","9":"pa_country-croatia","10":"pa_region-dalmatia","11":"pa_residual-sugar-dry","12":"pa_subregion-central-and-south-dalmatia","13":"pa_variety-muskat","14":"pa_vineyard-konavle","15":"pa_volume-750-ml","17":"first","18":"instock","19":"taxable","20":"shipping-taxable","21":"product-type-simple"},"_links":{"self":[{"href":"https:\/\/vinoljubac.hr\/hr\/wp-json\/wp\/v2\/product\/6932","targetHints":{"allow":["GET"]}}],"collection":[{"href":"https:\/\/vinoljubac.hr\/hr\/wp-json\/wp\/v2\/product"}],"about":[{"href":"https:\/\/vinoljubac.hr\/hr\/wp-json\/wp\/v2\/types\/product"}],"replies":[{"embeddable":true,"href":"https:\/\/vinoljubac.hr\/hr\/wp-json\/wp\/v2\/comments?post=6932"}],"version-history":[{"count":1,"href":"https:\/\/vinoljubac.hr\/hr\/wp-json\/wp\/v2\/product\/6932\/revisions"}],"predecessor-version":[{"id":11020,"href":"https:\/\/vinoljubac.hr\/hr\/wp-json\/wp\/v2\/product\/6932\/revisions\/11020"}],"wp:attachment":[{"href":"https:\/\/vinoljubac.hr\/hr\/wp-json\/wp\/v2\/media?parent=6932"}],"wp:term":[{"taxonomy":"product_brand","embeddable":true,"href":"https:\/\/vinoljubac.hr\/hr\/wp-json\/wp\/v2\/product_brand?post=6932"},{"taxonomy":"product_cat","embeddable":true,"href":"https:\/\/vinoljubac.hr\/hr\/wp-json\/wp\/v2\/product_cat?post=6932"},{"taxonomy":"product_tag","embeddable":true,"href":"https:\/\/vinoljubac.hr\/hr\/wp-json\/wp\/v2\/product_tag?post=6932"}],"curies":[{"name":"wp","href":"https:\/\/api.w.org\/{rel}","templated":true}]}}