{"id":6937,"date":"2022-12-21T15:55:22","date_gmt":"2022-12-21T14:55:22","guid":{"rendered":"https:\/\/vinoljubac.hr\/?post_type=product&#038;p=6937"},"modified":"2025-04-01T08:41:13","modified_gmt":"2025-04-01T06:41:13","slug":"bratos-rose","status":"publish","type":"product","link":"https:\/\/vinoljubac.hr\/hr\/proizvod\/bratos-rose\/","title":{"rendered":"BRATO\u0160 ROSE"},"content":{"rendered":"","protected":false},"excerpt":{"rendered":"<p>Vino je suho i laganoga tijela izra\u017eenih aroma ru\u017ee, vi\u0161nje i crvenoga cvije\u0107a. Izra\u017eene je svje\u017eine \u0161to ga \u010dini savr\u0161enim za ljetna osvje\u017eenja.<\/p>","protected":false},"featured_media":0,"comment_status":"open","ping_status":"closed","template":"","meta":{"om_disable_all_campaigns":false,"_monsterinsights_skip_tracking":false,"_monsterinsights_sitenote_active":false,"_monsterinsights_sitenote_note":"","_monsterinsights_sitenote_category":0},"product_brand":[],"product_cat":[234,78],"product_tag":[],"class_list":{"0":"post-6937","1":"product","2":"type-product","3":"status-publish","5":"product_cat-merlot-rose-wines","6":"product_cat-rose-wines","7":"pa_alcohol-461","8":"pa_colour-rose","9":"pa_country-croatia","10":"pa_region-dalmatia","11":"pa_residual-sugar-dry","12":"pa_subregion-central-and-south-dalmatia","13":"pa_variety-merlot","14":"pa_vineyard-konavle","15":"pa_volume-750-ml","17":"first","18":"instock","19":"taxable","20":"shipping-taxable","21":"product-type-simple"},"_links":{"self":[{"href":"https:\/\/vinoljubac.hr\/hr\/wp-json\/wp\/v2\/product\/6937","targetHints":{"allow":["GET"]}}],"collection":[{"href":"https:\/\/vinoljubac.hr\/hr\/wp-json\/wp\/v2\/product"}],"about":[{"href":"https:\/\/vinoljubac.hr\/hr\/wp-json\/wp\/v2\/types\/product"}],"replies":[{"embeddable":true,"href":"https:\/\/vinoljubac.hr\/hr\/wp-json\/wp\/v2\/comments?post=6937"}],"version-history":[{"count":1,"href":"https:\/\/vinoljubac.hr\/hr\/wp-json\/wp\/v2\/product\/6937\/revisions"}],"predecessor-version":[{"id":11018,"href":"https:\/\/vinoljubac.hr\/hr\/wp-json\/wp\/v2\/product\/6937\/revisions\/11018"}],"wp:attachment":[{"href":"https:\/\/vinoljubac.hr\/hr\/wp-json\/wp\/v2\/media?parent=6937"}],"wp:term":[{"taxonomy":"product_brand","embeddable":true,"href":"https:\/\/vinoljubac.hr\/hr\/wp-json\/wp\/v2\/product_brand?post=6937"},{"taxonomy":"product_cat","embeddable":true,"href":"https:\/\/vinoljubac.hr\/hr\/wp-json\/wp\/v2\/product_cat?post=6937"},{"taxonomy":"product_tag","embeddable":true,"href":"https:\/\/vinoljubac.hr\/hr\/wp-json\/wp\/v2\/product_tag?post=6937"}],"curies":[{"name":"wp","href":"https:\/\/api.w.org\/{rel}","templated":true}]}}