{"id":7813,"date":"2023-05-15T08:00:48","date_gmt":"2023-05-15T06:00:48","guid":{"rendered":"https:\/\/vinoljubac.hr\/?post_type=product&#038;p=7813"},"modified":"2025-04-07T11:00:49","modified_gmt":"2025-04-07T09:00:49","slug":"roxanich-teran-re","status":"publish","type":"product","link":"https:\/\/vinoljubac.hr\/hr\/proizvod\/roxanich-teran-re\/","title":{"rendered":"ROXANICH TERAN RE"},"content":{"rendered":"","protected":false},"excerpt":{"rendered":"<p>\u017divahni vo\u0107ni okusi kod Terana uvijek su isprepleteni takozvanim zemljanim senzacijama. Teran Re uz intenzitet ostvaruje osobitu kompleksnost u kojoj se izmjenjuju note crnog ribiza, tre\u0161nje, suhe brusnice, crvenog papra, tostiranoga kruha, ko\u017ee i duhana te \u0161ljive i zemlje.<\/p>","protected":false},"featured_media":0,"comment_status":"open","ping_status":"closed","template":"","meta":{"om_disable_all_campaigns":false,"_monsterinsights_skip_tracking":false,"_monsterinsights_sitenote_active":false,"_monsterinsights_sitenote_note":"","_monsterinsights_sitenote_category":0},"product_brand":[],"product_cat":[43,430,164],"product_tag":[],"class_list":{"0":"post-7813","1":"product","2":"type-product","3":"status-publish","5":"product_cat-red-wines","6":"product_cat-refosco","7":"product_cat-teran","8":"pa_alcohol-457","9":"pa_colour-red","10":"pa_country-croatia","11":"pa_region-istria-and-croatian-littoral","12":"pa_residual-sugar-dry","13":"pa_subregion-croatian-istria","14":"pa_variety-refosco","15":"pa_variety-teran","16":"pa_vineyard-west-istria","17":"pa_volume-750-ml","19":"first","20":"instock","21":"taxable","22":"shipping-taxable","23":"product-type-simple"},"_links":{"self":[{"href":"https:\/\/vinoljubac.hr\/hr\/wp-json\/wp\/v2\/product\/7813","targetHints":{"allow":["GET"]}}],"collection":[{"href":"https:\/\/vinoljubac.hr\/hr\/wp-json\/wp\/v2\/product"}],"about":[{"href":"https:\/\/vinoljubac.hr\/hr\/wp-json\/wp\/v2\/types\/product"}],"replies":[{"embeddable":true,"href":"https:\/\/vinoljubac.hr\/hr\/wp-json\/wp\/v2\/comments?post=7813"}],"version-history":[{"count":1,"href":"https:\/\/vinoljubac.hr\/hr\/wp-json\/wp\/v2\/product\/7813\/revisions"}],"predecessor-version":[{"id":11184,"href":"https:\/\/vinoljubac.hr\/hr\/wp-json\/wp\/v2\/product\/7813\/revisions\/11184"}],"wp:attachment":[{"href":"https:\/\/vinoljubac.hr\/hr\/wp-json\/wp\/v2\/media?parent=7813"}],"wp:term":[{"taxonomy":"product_brand","embeddable":true,"href":"https:\/\/vinoljubac.hr\/hr\/wp-json\/wp\/v2\/product_brand?post=7813"},{"taxonomy":"product_cat","embeddable":true,"href":"https:\/\/vinoljubac.hr\/hr\/wp-json\/wp\/v2\/product_cat?post=7813"},{"taxonomy":"product_tag","embeddable":true,"href":"https:\/\/vinoljubac.hr\/hr\/wp-json\/wp\/v2\/product_tag?post=7813"}],"curies":[{"name":"wp","href":"https:\/\/api.w.org\/{rel}","templated":true}]}}