{"id":7874,"date":"2023-05-15T14:45:35","date_gmt":"2023-05-15T12:45:35","guid":{"rendered":"https:\/\/vinoljubac.hr\/?post_type=product&#038;p=7874"},"modified":"2023-08-02T00:35:45","modified_gmt":"2023-08-01T22:35:45","slug":"roxanich-superistrian","status":"publish","type":"product","link":"https:\/\/vinoljubac.hr\/hr\/proizvod\/roxanich-superistrian\/","title":{"rendered":"ROXANICH SUPERISTRIAN"},"content":{"rendered":"","protected":false},"excerpt":{"rendered":"<p>Vino Roxanich SuperIstrian spoj je bordo\u0161kih sorti Cabernet sauvignon i Merlot uz iznimno va\u017ean doprinos Borgonje. Crno vino duboke neprozirne boje, SuperIstrian odi\u0161e uskla\u0111enim vo\u0107nim i cvjetnim aromama, ljubi\u010dicama, tre\u0161njama i borovnicama s naznakom \u010dokolade i crnog papra u fini\u0161u. Roxanich SuperIstrian prvenstveno je izra\u017eajno vino punog tijela i trajnog okusa, ali istovremeno vrlo ugodno, uravnote\u017eeno i elegantno. Dobro raspore\u0111ena, neprimjetna so\u010dna svje\u017eina ustraje na nepcu dok se \u0161kolovani tanini otapaju u dugotrajnom fini\u0161u.<\/p>","protected":false},"featured_media":0,"comment_status":"open","ping_status":"closed","template":"","meta":{"om_disable_all_campaigns":false,"_monsterinsights_skip_tracking":false,"_monsterinsights_sitenote_active":false,"_monsterinsights_sitenote_note":"","_monsterinsights_sitenote_category":0},"product_brand":[],"product_cat":[435,49,46,43],"product_tag":[],"class_list":{"0":"post-7874","1":"product","2":"type-product","3":"status-publish","5":"product_cat-borgonja","6":"product_cat-cabernet-sauvignon","7":"product_cat-merlot","8":"product_cat-red-wines","9":"pa_alcohol-457","10":"pa_colour-red","11":"pa_country-croatia","12":"pa_region-istria-and-croatian-littoral","13":"pa_residual-sugar-dry","14":"pa_subregion-croatian-istria","15":"pa_variety-borgonja","16":"pa_variety-cabernet-sauvignon","17":"pa_variety-merlot","18":"pa_vineyard-west-istria","19":"pa_volume-750-ml","21":"first","22":"onbackorder","23":"taxable","24":"shipping-taxable","25":"product-type-simple"},"_links":{"self":[{"href":"https:\/\/vinoljubac.hr\/hr\/wp-json\/wp\/v2\/product\/7874","targetHints":{"allow":["GET"]}}],"collection":[{"href":"https:\/\/vinoljubac.hr\/hr\/wp-json\/wp\/v2\/product"}],"about":[{"href":"https:\/\/vinoljubac.hr\/hr\/wp-json\/wp\/v2\/types\/product"}],"replies":[{"embeddable":true,"href":"https:\/\/vinoljubac.hr\/hr\/wp-json\/wp\/v2\/comments?post=7874"}],"version-history":[{"count":0,"href":"https:\/\/vinoljubac.hr\/hr\/wp-json\/wp\/v2\/product\/7874\/revisions"}],"wp:attachment":[{"href":"https:\/\/vinoljubac.hr\/hr\/wp-json\/wp\/v2\/media?parent=7874"}],"wp:term":[{"taxonomy":"product_brand","embeddable":true,"href":"https:\/\/vinoljubac.hr\/hr\/wp-json\/wp\/v2\/product_brand?post=7874"},{"taxonomy":"product_cat","embeddable":true,"href":"https:\/\/vinoljubac.hr\/hr\/wp-json\/wp\/v2\/product_cat?post=7874"},{"taxonomy":"product_tag","embeddable":true,"href":"https:\/\/vinoljubac.hr\/hr\/wp-json\/wp\/v2\/product_tag?post=7874"}],"curies":[{"name":"wp","href":"https:\/\/api.w.org\/{rel}","templated":true}]}}