{"id":7942,"date":"2023-05-16T14:18:12","date_gmt":"2023-05-16T12:18:12","guid":{"rendered":"https:\/\/vinoljubac.hr\/?post_type=product&#038;p=7942"},"modified":"2023-11-15T12:24:37","modified_gmt":"2023-11-15T11:24:37","slug":"martin-albus-frankovka","status":"publish","type":"product","link":"https:\/\/vinoljubac.hr\/hr\/proizvod\/martin-albus-frankovka\/","title":{"rendered":"MARTIN ALBUS FRANKOVKA"},"content":{"rendered":"","protected":false},"excerpt":{"rendered":"<p>Igra crnog bobi\u010dastog vo\u0107a, vi\u0161nje, vanilije i klin\u010di\u0107 o\u010daravaju mirisom, dok je okus zaokru\u017een svilenkastim taninima i decentnim tijelom, svojstvenim ovoj sorti koja ide ruku pod ruku s june\u0107im obrazima, janje\u0107im kotletima i teletinom pod pekom.<\/p>","protected":false},"featured_media":0,"comment_status":"open","ping_status":"closed","template":"","meta":{"om_disable_all_campaigns":false,"_monsterinsights_skip_tracking":false,"_monsterinsights_sitenote_active":false,"_monsterinsights_sitenote_note":"","_monsterinsights_sitenote_category":0},"product_brand":[],"product_cat":[192,43],"product_tag":[],"class_list":{"0":"post-7942","1":"product","2":"type-product","3":"status-publish","5":"product_cat-frankovka","6":"product_cat-red-wines","7":"pa_alcohol-138","8":"pa_colour-red","9":"pa_country-croatia","10":"pa_region-slavonia-and-croatian-danube","11":"pa_residual-sugar-dry","12":"pa_subregion-slavonia","13":"pa_variety-frankovka","14":"pa_vineyard-orahovica-slatina","15":"pa_volume-750-ml","17":"first","18":"instock","19":"taxable","20":"shipping-taxable","21":"product-type-simple"},"_links":{"self":[{"href":"https:\/\/vinoljubac.hr\/hr\/wp-json\/wp\/v2\/product\/7942","targetHints":{"allow":["GET"]}}],"collection":[{"href":"https:\/\/vinoljubac.hr\/hr\/wp-json\/wp\/v2\/product"}],"about":[{"href":"https:\/\/vinoljubac.hr\/hr\/wp-json\/wp\/v2\/types\/product"}],"replies":[{"embeddable":true,"href":"https:\/\/vinoljubac.hr\/hr\/wp-json\/wp\/v2\/comments?post=7942"}],"version-history":[{"count":0,"href":"https:\/\/vinoljubac.hr\/hr\/wp-json\/wp\/v2\/product\/7942\/revisions"}],"wp:attachment":[{"href":"https:\/\/vinoljubac.hr\/hr\/wp-json\/wp\/v2\/media?parent=7942"}],"wp:term":[{"taxonomy":"product_brand","embeddable":true,"href":"https:\/\/vinoljubac.hr\/hr\/wp-json\/wp\/v2\/product_brand?post=7942"},{"taxonomy":"product_cat","embeddable":true,"href":"https:\/\/vinoljubac.hr\/hr\/wp-json\/wp\/v2\/product_cat?post=7942"},{"taxonomy":"product_tag","embeddable":true,"href":"https:\/\/vinoljubac.hr\/hr\/wp-json\/wp\/v2\/product_tag?post=7942"}],"curies":[{"name":"wp","href":"https:\/\/api.w.org\/{rel}","templated":true}]}}