{"id":7944,"date":"2023-05-16T14:27:22","date_gmt":"2023-05-16T12:27:22","guid":{"rendered":"https:\/\/vinoljubac.hr\/?post_type=product&#038;p=7944"},"modified":"2023-11-15T12:27:27","modified_gmt":"2023-11-15T11:27:27","slug":"martin-albus-sauvignon","status":"publish","type":"product","link":"https:\/\/vinoljubac.hr\/hr\/proizvod\/martin-albus-sauvignon\/","title":{"rendered":"MARTIN ALBUS SAUVIGNON"},"content":{"rendered":"","protected":false},"excerpt":{"rendered":"<p>Kada se susretnu sa Sauvignonom Martin Albus, osjetila u\u017eivaju u plesu aroma tropskog vo\u0107a, marakuje i cvijeta bagrema, prepu\u0161taju\u0107i se neponovljivom suhom, crisp okusu koji se odli\u010dno sla\u017ee s ri\u017eotom od \u0161paroga, \u0161koljkama na buzaru, piletinom u sezamu, salatom od hobotnice i brojnim vege menijima.<\/p>","protected":false},"featured_media":0,"comment_status":"open","ping_status":"closed","template":"","meta":{"om_disable_all_campaigns":false,"_monsterinsights_skip_tracking":false,"_monsterinsights_sitenote_active":false,"_monsterinsights_sitenote_note":"","_monsterinsights_sitenote_category":0},"product_brand":[],"product_cat":[284,44],"product_tag":[],"class_list":{"0":"post-7944","1":"product","2":"type-product","3":"status-publish","5":"product_cat-sauvignon-blanc-white-wines","6":"product_cat-white-wines","7":"pa_alcohol-457","8":"pa_colour-white","9":"pa_country-croatia","10":"pa_region-slavonia-and-croatian-danube","11":"pa_residual-sugar-dry","12":"pa_subregion-slavonia","13":"pa_variety-sauvignon-blanc","14":"pa_vineyard-orahovica-slatina","15":"pa_volume-750-ml","17":"first","18":"instock","19":"taxable","20":"shipping-taxable","21":"product-type-simple"},"_links":{"self":[{"href":"https:\/\/vinoljubac.hr\/hr\/wp-json\/wp\/v2\/product\/7944","targetHints":{"allow":["GET"]}}],"collection":[{"href":"https:\/\/vinoljubac.hr\/hr\/wp-json\/wp\/v2\/product"}],"about":[{"href":"https:\/\/vinoljubac.hr\/hr\/wp-json\/wp\/v2\/types\/product"}],"replies":[{"embeddable":true,"href":"https:\/\/vinoljubac.hr\/hr\/wp-json\/wp\/v2\/comments?post=7944"}],"version-history":[{"count":0,"href":"https:\/\/vinoljubac.hr\/hr\/wp-json\/wp\/v2\/product\/7944\/revisions"}],"wp:attachment":[{"href":"https:\/\/vinoljubac.hr\/hr\/wp-json\/wp\/v2\/media?parent=7944"}],"wp:term":[{"taxonomy":"product_brand","embeddable":true,"href":"https:\/\/vinoljubac.hr\/hr\/wp-json\/wp\/v2\/product_brand?post=7944"},{"taxonomy":"product_cat","embeddable":true,"href":"https:\/\/vinoljubac.hr\/hr\/wp-json\/wp\/v2\/product_cat?post=7944"},{"taxonomy":"product_tag","embeddable":true,"href":"https:\/\/vinoljubac.hr\/hr\/wp-json\/wp\/v2\/product_tag?post=7944"}],"curies":[{"name":"wp","href":"https:\/\/api.w.org\/{rel}","templated":true}]}}