{"id":8452,"date":"2023-05-31T08:37:22","date_gmt":"2023-05-31T06:37:22","guid":{"rendered":"https:\/\/vinoljubac.hr\/?post_type=product&#038;p=8452"},"modified":"2025-04-07T11:07:52","modified_gmt":"2025-04-07T09:07:52","slug":"saints-hills-dingac-sv-lucia","status":"publish","type":"product","link":"https:\/\/vinoljubac.hr\/hr\/proizvod\/saints-hills-dingac-sv-lucia\/","title":{"rendered":"SAINTS HILLS DINGA\u010c SV. LUCIA"},"content":{"rendered":"","protected":false},"excerpt":{"rendered":"<p>Izra\u017eene arome suhe \u0161ljive i vi\u0161nje te sekundarne arome duhana i tamne \u010dokolade. Iznimno bogat i mirisan, a pitak i blag na nepcu. Odli\u010dan uz sva mesna jela, odle\u017eane sireve i deserte od tamne \u010dokolade, a najbolji sam uz dobru cigaru.<\/p>","protected":false},"featured_media":0,"comment_status":"open","ping_status":"closed","template":"","meta":{"om_disable_all_campaigns":false,"_monsterinsights_skip_tracking":false,"_monsterinsights_sitenote_active":false,"_monsterinsights_sitenote_note":"","_monsterinsights_sitenote_category":0},"product_brand":[],"product_cat":[106,43],"product_tag":[],"class_list":{"0":"post-8452","1":"product","2":"type-product","3":"status-publish","5":"product_cat-plavac-mali","6":"product_cat-red-wines","7":"pa_alcohol-14-2","8":"pa_colour-red","9":"pa_country-croatia","10":"pa_region-dalmatia","11":"pa_residual-sugar-dry","12":"pa_subregion-central-and-south-dalmatia","13":"pa_variety-plavac-mali","14":"pa_vineyard-peljesac","15":"pa_volume-750-ml","17":"first","18":"instock","19":"taxable","20":"shipping-taxable","21":"product-type-simple"},"_links":{"self":[{"href":"https:\/\/vinoljubac.hr\/hr\/wp-json\/wp\/v2\/product\/8452","targetHints":{"allow":["GET"]}}],"collection":[{"href":"https:\/\/vinoljubac.hr\/hr\/wp-json\/wp\/v2\/product"}],"about":[{"href":"https:\/\/vinoljubac.hr\/hr\/wp-json\/wp\/v2\/types\/product"}],"replies":[{"embeddable":true,"href":"https:\/\/vinoljubac.hr\/hr\/wp-json\/wp\/v2\/comments?post=8452"}],"version-history":[{"count":1,"href":"https:\/\/vinoljubac.hr\/hr\/wp-json\/wp\/v2\/product\/8452\/revisions"}],"predecessor-version":[{"id":11192,"href":"https:\/\/vinoljubac.hr\/hr\/wp-json\/wp\/v2\/product\/8452\/revisions\/11192"}],"wp:attachment":[{"href":"https:\/\/vinoljubac.hr\/hr\/wp-json\/wp\/v2\/media?parent=8452"}],"wp:term":[{"taxonomy":"product_brand","embeddable":true,"href":"https:\/\/vinoljubac.hr\/hr\/wp-json\/wp\/v2\/product_brand?post=8452"},{"taxonomy":"product_cat","embeddable":true,"href":"https:\/\/vinoljubac.hr\/hr\/wp-json\/wp\/v2\/product_cat?post=8452"},{"taxonomy":"product_tag","embeddable":true,"href":"https:\/\/vinoljubac.hr\/hr\/wp-json\/wp\/v2\/product_tag?post=8452"}],"curies":[{"name":"wp","href":"https:\/\/api.w.org\/{rel}","templated":true}]}}