{"id":8455,"date":"2023-05-31T08:42:28","date_gmt":"2023-05-31T06:42:28","guid":{"rendered":"https:\/\/vinoljubac.hr\/?post_type=product&#038;p=8455"},"modified":"2025-04-07T11:07:33","modified_gmt":"2025-04-07T09:07:33","slug":"saints-hills-sv-roko","status":"publish","type":"product","link":"https:\/\/vinoljubac.hr\/hr\/proizvod\/saints-hills-sv-roko\/","title":{"rendered":"SAINTS HILLS SV. ROKO"},"content":{"rendered":"","protected":false},"excerpt":{"rendered":"<div id=\"shopify-section-template--product\" class=\"shopify-section\">\n<div data-wetheme-section-type=\"template--product\" data-wetheme-section-id=\"template--product\">\n<div class=\"product-form-vue\">\n<div class=\"product-single-wrapper\">\n<div class=\"product-description-container\">\n<div class=\"product-description product-description_full-width rte\">\n<p>Uz arome \u0161ljive i tre\u0161nje, tipi\u010dne su arome divljeg dalmatinskog za\u010dinskog bilja i vanilije. Odli\u010dan uz plavu ribu, te odle\u017eane kravlje i ov\u010dje sireve.<\/p>\n<\/div>\n<\/div>\n<\/div>\n<\/div>\n<\/div>\n<\/div>\n<div id=\"shopify-section-template--product--recommendations\" class=\"shopify-section\">\n<div class=\"product-recommendations\" data-product-id=\"7267479453854\" data-limit=\"8\" data-recommendations-url=\"\/recommendations\/products\" data-wetheme-section-type=\"template--product--recommendations\" data-wetheme-section-id=\"template--product--recommendations\">\n<div class=\"product-page-related-products product-sticker-stop\">\n<div class=\"wrapper\"><\/div>\n<\/div>\n<\/div>\n<\/div>","protected":false},"featured_media":0,"comment_status":"open","ping_status":"closed","template":"","meta":{"om_disable_all_campaigns":false,"_monsterinsights_skip_tracking":false,"_monsterinsights_sitenote_active":false,"_monsterinsights_sitenote_note":"","_monsterinsights_sitenote_category":0},"product_brand":[],"product_cat":[106,43],"product_tag":[],"class_list":{"0":"post-8455","1":"product","2":"type-product","3":"status-publish","5":"product_cat-plavac-mali","6":"product_cat-red-wines","7":"pa_alcohol-461","8":"pa_colour-red","9":"pa_country-croatia","10":"pa_region-dalmatia","11":"pa_residual-sugar-dry","12":"pa_subregion-central-and-south-dalmatia","13":"pa_variety-plavac-mali","14":"pa_vineyard-peljesac","15":"pa_volume-750-ml","17":"first","18":"instock","19":"taxable","20":"shipping-taxable","21":"product-type-simple"},"_links":{"self":[{"href":"https:\/\/vinoljubac.hr\/hr\/wp-json\/wp\/v2\/product\/8455","targetHints":{"allow":["GET"]}}],"collection":[{"href":"https:\/\/vinoljubac.hr\/hr\/wp-json\/wp\/v2\/product"}],"about":[{"href":"https:\/\/vinoljubac.hr\/hr\/wp-json\/wp\/v2\/types\/product"}],"replies":[{"embeddable":true,"href":"https:\/\/vinoljubac.hr\/hr\/wp-json\/wp\/v2\/comments?post=8455"}],"version-history":[{"count":1,"href":"https:\/\/vinoljubac.hr\/hr\/wp-json\/wp\/v2\/product\/8455\/revisions"}],"predecessor-version":[{"id":11191,"href":"https:\/\/vinoljubac.hr\/hr\/wp-json\/wp\/v2\/product\/8455\/revisions\/11191"}],"wp:attachment":[{"href":"https:\/\/vinoljubac.hr\/hr\/wp-json\/wp\/v2\/media?parent=8455"}],"wp:term":[{"taxonomy":"product_brand","embeddable":true,"href":"https:\/\/vinoljubac.hr\/hr\/wp-json\/wp\/v2\/product_brand?post=8455"},{"taxonomy":"product_cat","embeddable":true,"href":"https:\/\/vinoljubac.hr\/hr\/wp-json\/wp\/v2\/product_cat?post=8455"},{"taxonomy":"product_tag","embeddable":true,"href":"https:\/\/vinoljubac.hr\/hr\/wp-json\/wp\/v2\/product_tag?post=8455"}],"curies":[{"name":"wp","href":"https:\/\/api.w.org\/{rel}","templated":true}]}}