{"id":8487,"date":"2023-06-01T11:50:58","date_gmt":"2023-06-01T09:50:58","guid":{"rendered":"https:\/\/vinoljubac.hr\/?post_type=product&#038;p=8487"},"modified":"2025-04-04T07:37:45","modified_gmt":"2025-04-04T05:37:45","slug":"meneghetti-rose","status":"publish","type":"product","link":"https:\/\/vinoljubac.hr\/hr\/proizvod\/meneghetti-rose\/","title":{"rendered":"MENEGHETTI ROS\u00c9"},"content":{"rendered":"","protected":false},"excerpt":{"rendered":"<p>Vino je svijetle boje breskve. Izuzetno je mineralno s dominantnim aromama \u0161umskih jagoda, grejpa i korice limuna. Na nepcu je vo\u0107no i mekano s nagla\u0161enom svje\u017einom i dugim zavr\u0161etkom. Izvrsno se sla\u017ee s mesnim i ribljim jelima poput salate s mesom, salate od hobotnice, carpaccia, \u0161kampi i kozica.<\/p>","protected":false},"featured_media":0,"comment_status":"open","ping_status":"closed","template":"","meta":{"om_disable_all_campaigns":false,"_monsterinsights_skip_tracking":false,"_monsterinsights_sitenote_active":false,"_monsterinsights_sitenote_note":"","_monsterinsights_sitenote_category":0},"product_brand":[],"product_cat":[235,78],"product_tag":[],"class_list":{"0":"post-8487","1":"product","2":"type-product","3":"status-publish","5":"product_cat-pinot-noir-rose-wines","6":"product_cat-rose-wines","7":"pa_alcohol-138","8":"pa_colour-rose","9":"pa_country-croatia","10":"pa_region-istria-and-croatian-littoral","11":"pa_residual-sugar-dry","12":"pa_subregion-croatian-istria","13":"pa_variety-pinot-noir","14":"pa_vineyard-central-istria","15":"pa_volume-750-ml","17":"first","18":"instock","19":"taxable","20":"shipping-taxable","21":"product-type-simple"},"_links":{"self":[{"href":"https:\/\/vinoljubac.hr\/hr\/wp-json\/wp\/v2\/product\/8487","targetHints":{"allow":["GET"]}}],"collection":[{"href":"https:\/\/vinoljubac.hr\/hr\/wp-json\/wp\/v2\/product"}],"about":[{"href":"https:\/\/vinoljubac.hr\/hr\/wp-json\/wp\/v2\/types\/product"}],"replies":[{"embeddable":true,"href":"https:\/\/vinoljubac.hr\/hr\/wp-json\/wp\/v2\/comments?post=8487"}],"version-history":[{"count":1,"href":"https:\/\/vinoljubac.hr\/hr\/wp-json\/wp\/v2\/product\/8487\/revisions"}],"predecessor-version":[{"id":11124,"href":"https:\/\/vinoljubac.hr\/hr\/wp-json\/wp\/v2\/product\/8487\/revisions\/11124"}],"wp:attachment":[{"href":"https:\/\/vinoljubac.hr\/hr\/wp-json\/wp\/v2\/media?parent=8487"}],"wp:term":[{"taxonomy":"product_brand","embeddable":true,"href":"https:\/\/vinoljubac.hr\/hr\/wp-json\/wp\/v2\/product_brand?post=8487"},{"taxonomy":"product_cat","embeddable":true,"href":"https:\/\/vinoljubac.hr\/hr\/wp-json\/wp\/v2\/product_cat?post=8487"},{"taxonomy":"product_tag","embeddable":true,"href":"https:\/\/vinoljubac.hr\/hr\/wp-json\/wp\/v2\/product_tag?post=8487"}],"curies":[{"name":"wp","href":"https:\/\/api.w.org\/{rel}","templated":true}]}}