{"id":8493,"date":"2023-06-01T12:09:35","date_gmt":"2023-06-01T10:09:35","guid":{"rendered":"https:\/\/vinoljubac.hr\/?post_type=product&#038;p=8493"},"modified":"2024-02-12T14:44:40","modified_gmt":"2024-02-12T13:44:40","slug":"meneghetti-classic","status":"publish","type":"product","link":"https:\/\/vinoljubac.hr\/hr\/proizvod\/meneghetti-classic\/","title":{"rendered":"MENEGHETTI CLASSIC"},"content":{"rendered":"","protected":false},"excerpt":{"rendered":"<p>Slamnato \u017eute boje sa zlatnom refleksijom, sitnih, finih mjehuri\u0107a (perlage), prepoznatljivih i kompleksnih aroma. Na nosu su dominantne note zrelog vo\u0107a - breskve i kru\u0161ke, a u pozadini se lagano osloba\u0111aju arome bijelog cvije\u0107a, akacije, citrusa, lje\u0161njaka i tosta sa suptilnim tonovima prepr\u017eenog kruha i svje\u017eeg brio\u0161a. Ovo vino je na nepcu zaokru\u017eeno i kremasto, elegantne strukture. Izuzetno je duge zavr\u0161nice i ugodne svje\u017eine. Preporu\u010duje se kao aperitiv te uz hladna predjela od ribe, \u0161koljaka, rakova, lososa i bijelih mesa.<\/p>","protected":false},"featured_media":0,"comment_status":"open","ping_status":"closed","template":"","meta":{"om_disable_all_campaigns":false,"_monsterinsights_skip_tracking":false,"_monsterinsights_sitenote_active":false,"_monsterinsights_sitenote_note":"","_monsterinsights_sitenote_category":0},"product_brand":[],"product_cat":[236,549,79],"product_tag":[],"class_list":{"0":"post-8493","1":"product","2":"type-product","3":"status-publish","5":"product_cat-chardonnay-sparkling-wines","6":"product_cat-pinot-blanc-sparkling-wines","7":"product_cat-sparkling-wines","8":"pa_alcohol-461","9":"pa_colour-white","10":"pa_country-croatia","11":"pa_region-istria-and-croatian-littoral","12":"pa_residual-sugar-brut","13":"pa_subregion-croatian-istria","14":"pa_variety-chardonnay","15":"pa_variety-pinot-blanc","16":"pa_vineyard-central-istria","17":"pa_vineyard-west-istria","18":"pa_volume-750-ml","20":"first","21":"instock","22":"taxable","23":"shipping-taxable","24":"product-type-simple"},"_links":{"self":[{"href":"https:\/\/vinoljubac.hr\/hr\/wp-json\/wp\/v2\/product\/8493","targetHints":{"allow":["GET"]}}],"collection":[{"href":"https:\/\/vinoljubac.hr\/hr\/wp-json\/wp\/v2\/product"}],"about":[{"href":"https:\/\/vinoljubac.hr\/hr\/wp-json\/wp\/v2\/types\/product"}],"replies":[{"embeddable":true,"href":"https:\/\/vinoljubac.hr\/hr\/wp-json\/wp\/v2\/comments?post=8493"}],"version-history":[{"count":0,"href":"https:\/\/vinoljubac.hr\/hr\/wp-json\/wp\/v2\/product\/8493\/revisions"}],"wp:attachment":[{"href":"https:\/\/vinoljubac.hr\/hr\/wp-json\/wp\/v2\/media?parent=8493"}],"wp:term":[{"taxonomy":"product_brand","embeddable":true,"href":"https:\/\/vinoljubac.hr\/hr\/wp-json\/wp\/v2\/product_brand?post=8493"},{"taxonomy":"product_cat","embeddable":true,"href":"https:\/\/vinoljubac.hr\/hr\/wp-json\/wp\/v2\/product_cat?post=8493"},{"taxonomy":"product_tag","embeddable":true,"href":"https:\/\/vinoljubac.hr\/hr\/wp-json\/wp\/v2\/product_tag?post=8493"}],"curies":[{"name":"wp","href":"https:\/\/api.w.org\/{rel}","templated":true}]}}