{"id":8508,"date":"2023-06-03T09:15:37","date_gmt":"2023-06-03T07:15:37","guid":{"rendered":"https:\/\/vinoljubac.hr\/?post_type=product&#038;p=8508"},"modified":"2024-02-12T14:43:02","modified_gmt":"2024-02-12T13:43:02","slug":"meneghetti-malvazija-black-label","status":"publish","type":"product","link":"https:\/\/vinoljubac.hr\/hr\/proizvod\/meneghetti-malvazija-black-label\/","title":{"rendered":"MENEGHETTI MALVAZIJA BLACK LABEL"},"content":{"rendered":"","protected":false},"excerpt":{"rendered":"<p>Black Label \u017eeli dokazati da se od Malvazije mogu proizvesti i zahtjevnija, kompleksnija vina koja \u0107e udovoljiti publici u potrazi za intenzivnijim do\u017eivljajem, kompleksno\u0161\u0107u i novim nijansama okusa i mirisa. Duboke slamnato \u017eute boje sa zlatnim diskovima. U mirisu prevladavaju \u017euta jabuka i breskva, uz prepoznatljivi cvijet bagrema. Na nepcu je izbalansirano, mekano i zrelo s lijepim i duga\u010dkim zavr\u0161etkom okusa. Sla\u017ee se s ri\u017eotom s tartufima i kremastim juhama.<\/p>","protected":false},"featured_media":0,"comment_status":"open","ping_status":"closed","template":"","meta":{"om_disable_all_campaigns":false,"_monsterinsights_skip_tracking":false,"_monsterinsights_sitenote_active":false,"_monsterinsights_sitenote_note":"","_monsterinsights_sitenote_category":0},"product_brand":[],"product_cat":[184,44],"product_tag":[],"class_list":{"0":"post-8508","1":"product","2":"type-product","3":"status-publish","5":"product_cat-malvazija","6":"product_cat-white-wines","8":"first","9":"outofstock","10":"taxable","11":"shipping-taxable","12":"product-type-simple"},"_links":{"self":[{"href":"https:\/\/vinoljubac.hr\/hr\/wp-json\/wp\/v2\/product\/8508","targetHints":{"allow":["GET"]}}],"collection":[{"href":"https:\/\/vinoljubac.hr\/hr\/wp-json\/wp\/v2\/product"}],"about":[{"href":"https:\/\/vinoljubac.hr\/hr\/wp-json\/wp\/v2\/types\/product"}],"replies":[{"embeddable":true,"href":"https:\/\/vinoljubac.hr\/hr\/wp-json\/wp\/v2\/comments?post=8508"}],"version-history":[{"count":0,"href":"https:\/\/vinoljubac.hr\/hr\/wp-json\/wp\/v2\/product\/8508\/revisions"}],"wp:attachment":[{"href":"https:\/\/vinoljubac.hr\/hr\/wp-json\/wp\/v2\/media?parent=8508"}],"wp:term":[{"taxonomy":"product_brand","embeddable":true,"href":"https:\/\/vinoljubac.hr\/hr\/wp-json\/wp\/v2\/product_brand?post=8508"},{"taxonomy":"product_cat","embeddable":true,"href":"https:\/\/vinoljubac.hr\/hr\/wp-json\/wp\/v2\/product_cat?post=8508"},{"taxonomy":"product_tag","embeddable":true,"href":"https:\/\/vinoljubac.hr\/hr\/wp-json\/wp\/v2\/product_tag?post=8508"}],"curies":[{"name":"wp","href":"https:\/\/api.w.org\/{rel}","templated":true}]}}