{"id":8511,"date":"2023-06-03T09:34:33","date_gmt":"2023-06-03T07:34:33","guid":{"rendered":"https:\/\/vinoljubac.hr\/?post_type=product&#038;p=8511"},"modified":"2024-02-12T14:42:38","modified_gmt":"2024-02-12T13:42:38","slug":"meneghetti-classic-rose","status":"publish","type":"product","link":"https:\/\/vinoljubac.hr\/hr\/proizvod\/meneghetti-classic-rose\/","title":{"rendered":"MENEGHETTI CLASSIC ROS\u00c9"},"content":{"rendered":"","protected":false},"excerpt":{"rendered":"<p>Vino nje\u017ene boje tre\u0161nje, bogatog i sitnog perlanja. Izra\u017eeni mirisi \u0161umskih jagoda i malina dok se u pozadini javljaju note svje\u017ee pe\u010denog peciva. Okus je izbalansiran s ugodnim svje\u017einama. Zavr\u0161etak okusa traje prili\u010dno dugo s notama zrelih malina. Preporu\u010duje se za ljetni aperitiv uz bazen te svje\u017ee salate i bijelo meso s ro\u0161tilja.<\/p>","protected":false},"featured_media":0,"comment_status":"open","ping_status":"closed","template":"","meta":{"om_disable_all_campaigns":false,"_monsterinsights_skip_tracking":false,"_monsterinsights_sitenote_active":false,"_monsterinsights_sitenote_note":"","_monsterinsights_sitenote_category":0},"product_brand":[],"product_cat":[236,183,79],"product_tag":[],"class_list":{"0":"post-8511","1":"product","2":"type-product","3":"status-publish","5":"product_cat-chardonnay-sparkling-wines","6":"product_cat-pinot-noir-sparkling-wines","7":"product_cat-sparkling-wines","8":"pa_alcohol-461","9":"pa_colour-rose","10":"pa_country-croatia","11":"pa_region-istria-and-croatian-littoral","12":"pa_residual-sugar-brut","13":"pa_subregion-croatian-istria","14":"pa_variety-chardonnay","15":"pa_variety-pinot-noir","16":"pa_vineyard-west-istria","17":"pa_volume-750-ml","19":"first","20":"instock","21":"taxable","22":"shipping-taxable","23":"product-type-simple"},"_links":{"self":[{"href":"https:\/\/vinoljubac.hr\/hr\/wp-json\/wp\/v2\/product\/8511","targetHints":{"allow":["GET"]}}],"collection":[{"href":"https:\/\/vinoljubac.hr\/hr\/wp-json\/wp\/v2\/product"}],"about":[{"href":"https:\/\/vinoljubac.hr\/hr\/wp-json\/wp\/v2\/types\/product"}],"replies":[{"embeddable":true,"href":"https:\/\/vinoljubac.hr\/hr\/wp-json\/wp\/v2\/comments?post=8511"}],"version-history":[{"count":0,"href":"https:\/\/vinoljubac.hr\/hr\/wp-json\/wp\/v2\/product\/8511\/revisions"}],"wp:attachment":[{"href":"https:\/\/vinoljubac.hr\/hr\/wp-json\/wp\/v2\/media?parent=8511"}],"wp:term":[{"taxonomy":"product_brand","embeddable":true,"href":"https:\/\/vinoljubac.hr\/hr\/wp-json\/wp\/v2\/product_brand?post=8511"},{"taxonomy":"product_cat","embeddable":true,"href":"https:\/\/vinoljubac.hr\/hr\/wp-json\/wp\/v2\/product_cat?post=8511"},{"taxonomy":"product_tag","embeddable":true,"href":"https:\/\/vinoljubac.hr\/hr\/wp-json\/wp\/v2\/product_tag?post=8511"}],"curies":[{"name":"wp","href":"https:\/\/api.w.org\/{rel}","templated":true}]}}