{"id":8514,"date":"2023-06-03T09:43:27","date_gmt":"2023-06-03T07:43:27","guid":{"rendered":"https:\/\/vinoljubac.hr\/?post_type=product&#038;p=8514"},"modified":"2023-11-16T09:56:47","modified_gmt":"2023-11-16T08:56:47","slug":"meneghetti-val-gambalera","status":"publish","type":"product","link":"https:\/\/vinoljubac.hr\/hr\/proizvod\/meneghetti-val-gambalera\/","title":{"rendered":"MENEGHETTI VAL GAMBALERA"},"content":{"rendered":"","protected":false},"excerpt":{"rendered":"<p>Vino duboke rubin crvene boje. U nosu se osje\u0107a mje\u0161avina tamnog i crvenog bobi\u010dastog vo\u0107a sa za\u010dinskim i \u010dokoladnim notama. Duboko, kompleksno i izravno sa sna\u017enim i dugotrajnim aromatskim zavr\u0161etkom okusa. Elegantno i slojevito. Preporu\u010duje se uz pe\u010denu janje\u0107u koljenicu i odreske sa \u017eara. Izniman potencijal odle\u017eavanja.<\/p>","protected":false},"featured_media":0,"comment_status":"open","ping_status":"closed","template":"","meta":{"om_disable_all_campaigns":false,"_monsterinsights_skip_tracking":false,"_monsterinsights_sitenote_active":false,"_monsterinsights_sitenote_note":"","_monsterinsights_sitenote_category":0},"product_brand":[],"product_cat":[49,46,43],"product_tag":[],"class_list":{"0":"post-8514","1":"product","2":"type-product","3":"status-publish","5":"product_cat-cabernet-sauvignon","6":"product_cat-merlot","7":"product_cat-red-wines","8":"pa_alcohol-14-2","9":"pa_colour-red","10":"pa_country-croatia","11":"pa_region-istria-and-croatian-littoral","12":"pa_residual-sugar-dry","13":"pa_subregion-croatian-istria","14":"pa_variety-cabernet-sauvignon","15":"pa_variety-merlot","16":"pa_vineyard-west-istria","17":"pa_volume-750-ml","19":"first","20":"onbackorder","21":"taxable","22":"shipping-taxable","23":"product-type-simple"},"_links":{"self":[{"href":"https:\/\/vinoljubac.hr\/hr\/wp-json\/wp\/v2\/product\/8514","targetHints":{"allow":["GET"]}}],"collection":[{"href":"https:\/\/vinoljubac.hr\/hr\/wp-json\/wp\/v2\/product"}],"about":[{"href":"https:\/\/vinoljubac.hr\/hr\/wp-json\/wp\/v2\/types\/product"}],"replies":[{"embeddable":true,"href":"https:\/\/vinoljubac.hr\/hr\/wp-json\/wp\/v2\/comments?post=8514"}],"version-history":[{"count":0,"href":"https:\/\/vinoljubac.hr\/hr\/wp-json\/wp\/v2\/product\/8514\/revisions"}],"wp:attachment":[{"href":"https:\/\/vinoljubac.hr\/hr\/wp-json\/wp\/v2\/media?parent=8514"}],"wp:term":[{"taxonomy":"product_brand","embeddable":true,"href":"https:\/\/vinoljubac.hr\/hr\/wp-json\/wp\/v2\/product_brand?post=8514"},{"taxonomy":"product_cat","embeddable":true,"href":"https:\/\/vinoljubac.hr\/hr\/wp-json\/wp\/v2\/product_cat?post=8514"},{"taxonomy":"product_tag","embeddable":true,"href":"https:\/\/vinoljubac.hr\/hr\/wp-json\/wp\/v2\/product_tag?post=8514"}],"curies":[{"name":"wp","href":"https:\/\/api.w.org\/{rel}","templated":true}]}}