{"id":8550,"date":"2023-06-06T11:51:18","date_gmt":"2023-06-06T09:51:18","guid":{"rendered":"https:\/\/vinoljubac.hr\/?post_type=product&#038;p=8550"},"modified":"2024-02-17T08:10:58","modified_gmt":"2024-02-17T07:10:58","slug":"royal-hill-cabernet-franc","status":"publish","type":"product","link":"https:\/\/vinoljubac.hr\/hr\/proizvod\/royal-hill-cabernet-franc\/","title":{"rendered":"ROYAL HILL CABERNET FRANC"},"content":{"rendered":"","protected":false},"excerpt":{"rendered":"<p>Ovo elegantno vino odle\u017ealo je 12 mjeseci u slavonskom i francuskom hrastu predstavljaju\u0107i puni potencijal koji sorta mo\u017ee dati u Podunavlju. Na nosu menta, vi\u0161nja, crvena paprika i malina. Diskretne drvene note. Srednjeg tijela, podatnih tanina i umjerenih kiselina. Okus je slojevit. Dominiraju vi\u0161nja, suhi origano i slatka paprika.<\/p>","protected":false},"featured_media":8900,"comment_status":"open","ping_status":"closed","template":"","meta":{"om_disable_all_campaigns":false,"_monsterinsights_skip_tracking":false,"_monsterinsights_sitenote_active":false,"_monsterinsights_sitenote_note":"","_monsterinsights_sitenote_category":0},"product_brand":[],"product_cat":[205,43],"product_tag":[],"class_list":{"0":"post-8550","1":"product","2":"type-product","3":"status-publish","4":"has-post-thumbnail","6":"product_cat-cabernet-franc","7":"product_cat-red-wines","8":"pa_alcohol-14-2","9":"pa_colour-red","10":"pa_country-croatia","11":"pa_region-slavonia-and-croatian-danube","12":"pa_residual-sugar-dry","13":"pa_vineyard-erdut","14":"pa_volume-750-ml","16":"first","17":"onbackorder","18":"taxable","19":"shipping-taxable","20":"product-type-simple"},"_links":{"self":[{"href":"https:\/\/vinoljubac.hr\/hr\/wp-json\/wp\/v2\/product\/8550","targetHints":{"allow":["GET"]}}],"collection":[{"href":"https:\/\/vinoljubac.hr\/hr\/wp-json\/wp\/v2\/product"}],"about":[{"href":"https:\/\/vinoljubac.hr\/hr\/wp-json\/wp\/v2\/types\/product"}],"replies":[{"embeddable":true,"href":"https:\/\/vinoljubac.hr\/hr\/wp-json\/wp\/v2\/comments?post=8550"}],"version-history":[{"count":0,"href":"https:\/\/vinoljubac.hr\/hr\/wp-json\/wp\/v2\/product\/8550\/revisions"}],"wp:featuredmedia":[{"embeddable":true,"href":"https:\/\/vinoljubac.hr\/hr\/wp-json\/wp\/v2\/media\/8900"}],"wp:attachment":[{"href":"https:\/\/vinoljubac.hr\/hr\/wp-json\/wp\/v2\/media?parent=8550"}],"wp:term":[{"taxonomy":"product_brand","embeddable":true,"href":"https:\/\/vinoljubac.hr\/hr\/wp-json\/wp\/v2\/product_brand?post=8550"},{"taxonomy":"product_cat","embeddable":true,"href":"https:\/\/vinoljubac.hr\/hr\/wp-json\/wp\/v2\/product_cat?post=8550"},{"taxonomy":"product_tag","embeddable":true,"href":"https:\/\/vinoljubac.hr\/hr\/wp-json\/wp\/v2\/product_tag?post=8550"}],"curies":[{"name":"wp","href":"https:\/\/api.w.org\/{rel}","templated":true}]}}