{"id":8557,"date":"2023-06-06T12:02:19","date_gmt":"2023-06-06T10:02:19","guid":{"rendered":"https:\/\/vinoljubac.hr\/?post_type=product&#038;p=8557"},"modified":"2025-04-07T11:11:33","modified_gmt":"2025-04-07T09:11:33","slug":"royal-hill-rose-brut","status":"publish","type":"product","link":"https:\/\/vinoljubac.hr\/hr\/proizvod\/royal-hill-rose-brut\/","title":{"rendered":"ROYAL HILL ROS\u00c9 BRUT"},"content":{"rendered":"","protected":false},"excerpt":{"rendered":"<p>\u017divahan i elegantan pjenu\u0161ac s kiselinama i \u0161e\u0107erom u izvrsnom balansu. Blijede ru\u017ei\u010daste boje. Mirisom dominiraju svje\u017ee jagode i maline s osvje\u017eavaju\u0107im dodirom kore limuna. Okus pun bobi\u010dastog vo\u0107a, hrskav te no\u0161en finim i postojanim mjehuri\u0107ima.<\/p>","protected":false},"featured_media":0,"comment_status":"open","ping_status":"closed","template":"","meta":{"om_disable_all_campaigns":false,"_monsterinsights_skip_tracking":false,"_monsterinsights_sitenote_active":false,"_monsterinsights_sitenote_note":"","_monsterinsights_sitenote_category":0},"product_brand":[],"product_cat":[183,79],"product_tag":[],"class_list":{"0":"post-8557","1":"product","2":"type-product","3":"status-publish","5":"product_cat-pinot-noir-sparkling-wines","6":"product_cat-sparkling-wines","7":"pa_alcohol-461","8":"pa_colour-rose","9":"pa_country-croatia","10":"pa_region-slavonia-and-croatian-danube","11":"pa_residual-sugar-brut","12":"pa_vineyard-erdut","13":"pa_volume-750-ml","15":"first","16":"onbackorder","17":"taxable","18":"shipping-taxable","19":"product-type-simple"},"_links":{"self":[{"href":"https:\/\/vinoljubac.hr\/hr\/wp-json\/wp\/v2\/product\/8557","targetHints":{"allow":["GET"]}}],"collection":[{"href":"https:\/\/vinoljubac.hr\/hr\/wp-json\/wp\/v2\/product"}],"about":[{"href":"https:\/\/vinoljubac.hr\/hr\/wp-json\/wp\/v2\/types\/product"}],"replies":[{"embeddable":true,"href":"https:\/\/vinoljubac.hr\/hr\/wp-json\/wp\/v2\/comments?post=8557"}],"version-history":[{"count":1,"href":"https:\/\/vinoljubac.hr\/hr\/wp-json\/wp\/v2\/product\/8557\/revisions"}],"predecessor-version":[{"id":11195,"href":"https:\/\/vinoljubac.hr\/hr\/wp-json\/wp\/v2\/product\/8557\/revisions\/11195"}],"wp:attachment":[{"href":"https:\/\/vinoljubac.hr\/hr\/wp-json\/wp\/v2\/media?parent=8557"}],"wp:term":[{"taxonomy":"product_brand","embeddable":true,"href":"https:\/\/vinoljubac.hr\/hr\/wp-json\/wp\/v2\/product_brand?post=8557"},{"taxonomy":"product_cat","embeddable":true,"href":"https:\/\/vinoljubac.hr\/hr\/wp-json\/wp\/v2\/product_cat?post=8557"},{"taxonomy":"product_tag","embeddable":true,"href":"https:\/\/vinoljubac.hr\/hr\/wp-json\/wp\/v2\/product_tag?post=8557"}],"curies":[{"name":"wp","href":"https:\/\/api.w.org\/{rel}","templated":true}]}}