{"id":8562,"date":"2023-06-07T09:14:57","date_gmt":"2023-06-07T07:14:57","guid":{"rendered":"https:\/\/vinoljubac.hr\/?post_type=product&#038;p=8562"},"modified":"2024-10-24T12:30:58","modified_gmt":"2024-10-24T10:30:58","slug":"boskinac-grande-cuvee","status":"publish","type":"product","link":"https:\/\/vinoljubac.hr\/hr\/proizvod\/boskinac-grande-cuvee\/","title":{"rendered":"BO\u0160KINAC GRANDE CUV\u00c9E"},"content":{"rendered":"","protected":false},"excerpt":{"rendered":"<p>Bijelo vino s laganim notama biskvita i maslaca te izra\u017eenim citrusnim aromama. Vrlo karakterno, punog i sna\u017enog okusa s izra\u017eenom mineralno\u0161\u0107u. Poslu\u017eiti uz slo\u017eena i sna\u017enija riblja jela, \u0161kampe i \u0161koljke ili uz neka lak\u0161a mesa poput peradi i teletine.<\/p>","protected":false},"featured_media":0,"comment_status":"open","ping_status":"closed","template":"","meta":{"om_disable_all_campaigns":false,"_monsterinsights_skip_tracking":false,"_monsterinsights_sitenote_active":false,"_monsterinsights_sitenote_note":"","_monsterinsights_sitenote_category":0},"product_brand":[],"product_cat":[52,562,284,44],"product_tag":[],"class_list":{"0":"post-8562","1":"product","2":"type-product","3":"status-publish","5":"product_cat-chardonnay","6":"product_cat-gegic","7":"product_cat-sauvignon-blanc-white-wines","8":"product_cat-white-wines","9":"pa_alcohol-461","10":"pa_colour-white","11":"pa_country-croatia","12":"pa_region-istria-and-croatian-littoral","13":"pa_residual-sugar-dry","14":"pa_subregion-kvarner-and-croatian-littoral","15":"pa_variety-chardonnay","16":"pa_variety-gegic","17":"pa_variety-sauvignon-blanc","18":"pa_vineyard-pag","19":"pa_volume-750-ml","21":"first","22":"outofstock","23":"taxable","24":"shipping-taxable","25":"product-type-simple"},"_links":{"self":[{"href":"https:\/\/vinoljubac.hr\/hr\/wp-json\/wp\/v2\/product\/8562","targetHints":{"allow":["GET"]}}],"collection":[{"href":"https:\/\/vinoljubac.hr\/hr\/wp-json\/wp\/v2\/product"}],"about":[{"href":"https:\/\/vinoljubac.hr\/hr\/wp-json\/wp\/v2\/types\/product"}],"replies":[{"embeddable":true,"href":"https:\/\/vinoljubac.hr\/hr\/wp-json\/wp\/v2\/comments?post=8562"}],"version-history":[{"count":0,"href":"https:\/\/vinoljubac.hr\/hr\/wp-json\/wp\/v2\/product\/8562\/revisions"}],"wp:attachment":[{"href":"https:\/\/vinoljubac.hr\/hr\/wp-json\/wp\/v2\/media?parent=8562"}],"wp:term":[{"taxonomy":"product_brand","embeddable":true,"href":"https:\/\/vinoljubac.hr\/hr\/wp-json\/wp\/v2\/product_brand?post=8562"},{"taxonomy":"product_cat","embeddable":true,"href":"https:\/\/vinoljubac.hr\/hr\/wp-json\/wp\/v2\/product_cat?post=8562"},{"taxonomy":"product_tag","embeddable":true,"href":"https:\/\/vinoljubac.hr\/hr\/wp-json\/wp\/v2\/product_tag?post=8562"}],"curies":[{"name":"wp","href":"https:\/\/api.w.org\/{rel}","templated":true}]}}