{"id":8582,"date":"2023-06-12T10:31:15","date_gmt":"2023-06-12T08:31:15","guid":{"rendered":"https:\/\/vinoljubac.hr\/?post_type=product&#038;p=8582"},"modified":"2023-11-15T10:56:00","modified_gmt":"2023-11-15T09:56:00","slug":"rak-marastina","status":"publish","type":"product","link":"https:\/\/vinoljubac.hr\/hr\/proizvod\/rak-marastina\/","title":{"rendered":"RAK MARA\u0160TINA"},"content":{"rendered":"","protected":false},"excerpt":{"rendered":"<p>Bijelo, suho vino zelenkasto-zlatne boje, odlikuju ga prepoznatljiva aroma, umjereni alkoholi, skladno tijelo. Vino odle\u017eava \u0161est mjeseci u hrastovim ba\u010dvama. Preporu\u010duje se uz ribu i morske plodove, razli\u010dite tjestenine i ri\u017eote, bijelo meso i hladna predjela.<\/p>","protected":false},"featured_media":0,"comment_status":"open","ping_status":"closed","template":"","meta":{"om_disable_all_campaigns":false,"_monsterinsights_skip_tracking":false,"_monsterinsights_sitenote_active":false,"_monsterinsights_sitenote_note":"","_monsterinsights_sitenote_category":0},"product_brand":[],"product_cat":[349,44],"product_tag":[],"class_list":{"0":"post-8582","1":"product","2":"type-product","3":"status-publish","5":"product_cat-marastina","6":"product_cat-white-wines","7":"pa_colour-white","8":"pa_country-croatia","9":"pa_region-dalmatia","10":"pa_residual-sugar-dry","11":"pa_subregion-north-dalmatia","12":"pa_variety-marastina","13":"pa_vineyard-sibenik","14":"pa_volume-750-ml","16":"first","17":"onbackorder","18":"taxable","19":"shipping-taxable","20":"product-type-simple"},"_links":{"self":[{"href":"https:\/\/vinoljubac.hr\/hr\/wp-json\/wp\/v2\/product\/8582","targetHints":{"allow":["GET"]}}],"collection":[{"href":"https:\/\/vinoljubac.hr\/hr\/wp-json\/wp\/v2\/product"}],"about":[{"href":"https:\/\/vinoljubac.hr\/hr\/wp-json\/wp\/v2\/types\/product"}],"replies":[{"embeddable":true,"href":"https:\/\/vinoljubac.hr\/hr\/wp-json\/wp\/v2\/comments?post=8582"}],"version-history":[{"count":0,"href":"https:\/\/vinoljubac.hr\/hr\/wp-json\/wp\/v2\/product\/8582\/revisions"}],"wp:attachment":[{"href":"https:\/\/vinoljubac.hr\/hr\/wp-json\/wp\/v2\/media?parent=8582"}],"wp:term":[{"taxonomy":"product_brand","embeddable":true,"href":"https:\/\/vinoljubac.hr\/hr\/wp-json\/wp\/v2\/product_brand?post=8582"},{"taxonomy":"product_cat","embeddable":true,"href":"https:\/\/vinoljubac.hr\/hr\/wp-json\/wp\/v2\/product_cat?post=8582"},{"taxonomy":"product_tag","embeddable":true,"href":"https:\/\/vinoljubac.hr\/hr\/wp-json\/wp\/v2\/product_tag?post=8582"}],"curies":[{"name":"wp","href":"https:\/\/api.w.org\/{rel}","templated":true}]}}