{"id":8610,"date":"2023-06-12T12:35:56","date_gmt":"2023-06-12T10:35:56","guid":{"rendered":"https:\/\/vinoljubac.hr\/?post_type=product&#038;p=8610"},"modified":"2025-04-09T07:31:40","modified_gmt":"2025-04-09T05:31:40","slug":"deklic-malvazija","status":"publish","type":"product","link":"https:\/\/vinoljubac.hr\/hr\/proizvod\/deklic-malvazija\/","title":{"rendered":"DEKLI\u0106 MALVAZIJA"},"content":{"rendered":"","protected":false},"excerpt":{"rendered":"<p>Harmoni\u010dno vino slamnato \u017eute boje, ugodnog intenziteta u kojemu dominira karakteristi\u010dan sortni miris cvijeta bagrema, uz citrusne note grejpa te naznaku ananasa i lista raj\u010dice. Vino se najbolje sljubljuje s plodovima mora i tjesteninom.<\/p>","protected":false},"featured_media":0,"comment_status":"open","ping_status":"closed","template":"","meta":{"om_disable_all_campaigns":false,"_monsterinsights_skip_tracking":false,"_monsterinsights_sitenote_active":false,"_monsterinsights_sitenote_note":"","_monsterinsights_sitenote_category":0},"product_brand":[],"product_cat":[184,44],"product_tag":[],"class_list":{"0":"post-8610","1":"product","2":"type-product","3":"status-publish","5":"product_cat-malvazija","6":"product_cat-white-wines","7":"pa_alcohol-461","8":"pa_colour-white","9":"pa_country-croatia","10":"pa_region-istria-and-croatian-littoral","11":"pa_residual-sugar-dry","12":"pa_subregion-croatian-istria","13":"pa_variety-malvazija","14":"pa_vineyard-west-istria","15":"pa_volume-750-ml","17":"first","18":"outofstock","19":"taxable","20":"shipping-taxable","21":"product-type-simple"},"_links":{"self":[{"href":"https:\/\/vinoljubac.hr\/hr\/wp-json\/wp\/v2\/product\/8610","targetHints":{"allow":["GET"]}}],"collection":[{"href":"https:\/\/vinoljubac.hr\/hr\/wp-json\/wp\/v2\/product"}],"about":[{"href":"https:\/\/vinoljubac.hr\/hr\/wp-json\/wp\/v2\/types\/product"}],"replies":[{"embeddable":true,"href":"https:\/\/vinoljubac.hr\/hr\/wp-json\/wp\/v2\/comments?post=8610"}],"version-history":[{"count":1,"href":"https:\/\/vinoljubac.hr\/hr\/wp-json\/wp\/v2\/product\/8610\/revisions"}],"predecessor-version":[{"id":11240,"href":"https:\/\/vinoljubac.hr\/hr\/wp-json\/wp\/v2\/product\/8610\/revisions\/11240"}],"wp:attachment":[{"href":"https:\/\/vinoljubac.hr\/hr\/wp-json\/wp\/v2\/media?parent=8610"}],"wp:term":[{"taxonomy":"product_brand","embeddable":true,"href":"https:\/\/vinoljubac.hr\/hr\/wp-json\/wp\/v2\/product_brand?post=8610"},{"taxonomy":"product_cat","embeddable":true,"href":"https:\/\/vinoljubac.hr\/hr\/wp-json\/wp\/v2\/product_cat?post=8610"},{"taxonomy":"product_tag","embeddable":true,"href":"https:\/\/vinoljubac.hr\/hr\/wp-json\/wp\/v2\/product_tag?post=8610"}],"curies":[{"name":"wp","href":"https:\/\/api.w.org\/{rel}","templated":true}]}}