{"id":8614,"date":"2023-06-12T12:59:37","date_gmt":"2023-06-12T10:59:37","guid":{"rendered":"https:\/\/vinoljubac.hr\/?post_type=product&#038;p=8614"},"modified":"2025-04-09T08:51:00","modified_gmt":"2025-04-09T06:51:00","slug":"jarec-kure-pinot-bijeli","status":"publish","type":"product","link":"https:\/\/vinoljubac.hr\/hr\/proizvod\/jarec-kure-pinot-bijeli\/","title":{"rendered":"JAREC-KURE PINOT BIJELI"},"content":{"rendered":"","protected":false},"excerpt":{"rendered":"<p>Vino svijetlo\u017eute boje sa zelenkastim odsjajem, finog mirisa i okusa, bogatog ekstrakta koje mu daje iznimnu puno\u0107u okusa, a karakteristi\u010dna aroma \u010dini ga prepoznatljivom. Prevladavaju mirisi jabuke, kru\u0161ke te cvjetnih nota, vino ostavlja dojam ugodne svje\u017eine i zaokru\u017eenosti. Preporu\u010duje se uz hladne nareske, ribu, teletinu, govedinu, janjetinu, razne juhe i sireve.<\/p>","protected":false},"featured_media":0,"comment_status":"open","ping_status":"closed","template":"","meta":{"om_disable_all_campaigns":false,"_monsterinsights_skip_tracking":false,"_monsterinsights_sitenote_active":false,"_monsterinsights_sitenote_note":"","_monsterinsights_sitenote_category":0},"product_brand":[],"product_cat":[221,44],"product_tag":[],"class_list":{"0":"post-8614","1":"product","2":"type-product","3":"status-publish","5":"product_cat-pinot-blanc","6":"product_cat-white-wines","7":"pa_alcohol-461","8":"pa_colour-white","9":"pa_country-croatia","10":"pa_region-croatian-uplands","11":"pa_residual-sugar-dry","12":"pa_subregion-prigorje-bilogora","13":"pa_variety-pinot-blanc","14":"pa_vineyard-zelina","15":"pa_volume-750-ml","17":"first","18":"instock","19":"taxable","20":"shipping-taxable","21":"product-type-simple"},"_links":{"self":[{"href":"https:\/\/vinoljubac.hr\/hr\/wp-json\/wp\/v2\/product\/8614","targetHints":{"allow":["GET"]}}],"collection":[{"href":"https:\/\/vinoljubac.hr\/hr\/wp-json\/wp\/v2\/product"}],"about":[{"href":"https:\/\/vinoljubac.hr\/hr\/wp-json\/wp\/v2\/types\/product"}],"replies":[{"embeddable":true,"href":"https:\/\/vinoljubac.hr\/hr\/wp-json\/wp\/v2\/comments?post=8614"}],"version-history":[{"count":1,"href":"https:\/\/vinoljubac.hr\/hr\/wp-json\/wp\/v2\/product\/8614\/revisions"}],"predecessor-version":[{"id":11260,"href":"https:\/\/vinoljubac.hr\/hr\/wp-json\/wp\/v2\/product\/8614\/revisions\/11260"}],"wp:attachment":[{"href":"https:\/\/vinoljubac.hr\/hr\/wp-json\/wp\/v2\/media?parent=8614"}],"wp:term":[{"taxonomy":"product_brand","embeddable":true,"href":"https:\/\/vinoljubac.hr\/hr\/wp-json\/wp\/v2\/product_brand?post=8614"},{"taxonomy":"product_cat","embeddable":true,"href":"https:\/\/vinoljubac.hr\/hr\/wp-json\/wp\/v2\/product_cat?post=8614"},{"taxonomy":"product_tag","embeddable":true,"href":"https:\/\/vinoljubac.hr\/hr\/wp-json\/wp\/v2\/product_tag?post=8614"}],"curies":[{"name":"wp","href":"https:\/\/api.w.org\/{rel}","templated":true}]}}