{"id":8691,"date":"2023-06-26T12:38:01","date_gmt":"2023-06-26T10:38:01","guid":{"rendered":"https:\/\/vinoljubac.hr\/?post_type=product&#038;p=8691"},"modified":"2025-04-07T09:52:39","modified_gmt":"2025-04-07T07:52:39","slug":"persuric-misal-blanc-de-noirs","status":"publish","type":"product","link":"https:\/\/vinoljubac.hr\/hr\/proizvod\/persuric-misal-blanc-de-noirs\/","title":{"rendered":"PER\u0160URI\u0106 MISAL BLANC DE NOIRS"},"content":{"rendered":"","protected":false},"excerpt":{"rendered":"<p>Vrlo elegantno, lagano te izrazito svje\u017ee pjenu\u0161avo vino citrusnih nota s malo arome tropskog vo\u0107a. Mo\u017ee se konzumirati kao aperitiv, a lijepo se sljubljuje i sa slatko\u2013kiselim jelima, morskom ribom, tropskim vo\u0107em i mladim sirevima. Proizveden od Pinota crnog vrlo brzom hladnom preradom, samo od bezbojnog dijela mo\u0161ta samotoka. Odle\u017eava na kvascima najmanje 24 mjeseca nakon sekundarne fermentacije.<\/p>","protected":false},"featured_media":0,"comment_status":"open","ping_status":"closed","template":"","meta":{"om_disable_all_campaigns":false,"_monsterinsights_skip_tracking":false,"_monsterinsights_sitenote_active":false,"_monsterinsights_sitenote_note":"","_monsterinsights_sitenote_category":0},"product_brand":[],"product_cat":[183,79],"product_tag":[],"class_list":{"0":"post-8691","1":"product","2":"type-product","3":"status-publish","5":"product_cat-pinot-noir-sparkling-wines","6":"product_cat-sparkling-wines","7":"pa_alcohol-116","8":"pa_colour-white","9":"pa_country-croatia","10":"pa_region-istria-and-croatian-littoral","11":"pa_residual-sugar-brut","12":"pa_subregion-croatian-istria","13":"pa_variety-pinot-noir","14":"pa_vineyard-west-istria","15":"pa_volume-750-ml","17":"first","18":"instock","19":"taxable","20":"shipping-taxable","21":"product-type-simple"},"_links":{"self":[{"href":"https:\/\/vinoljubac.hr\/hr\/wp-json\/wp\/v2\/product\/8691","targetHints":{"allow":["GET"]}}],"collection":[{"href":"https:\/\/vinoljubac.hr\/hr\/wp-json\/wp\/v2\/product"}],"about":[{"href":"https:\/\/vinoljubac.hr\/hr\/wp-json\/wp\/v2\/types\/product"}],"replies":[{"embeddable":true,"href":"https:\/\/vinoljubac.hr\/hr\/wp-json\/wp\/v2\/comments?post=8691"}],"version-history":[{"count":1,"href":"https:\/\/vinoljubac.hr\/hr\/wp-json\/wp\/v2\/product\/8691\/revisions"}],"predecessor-version":[{"id":11174,"href":"https:\/\/vinoljubac.hr\/hr\/wp-json\/wp\/v2\/product\/8691\/revisions\/11174"}],"wp:attachment":[{"href":"https:\/\/vinoljubac.hr\/hr\/wp-json\/wp\/v2\/media?parent=8691"}],"wp:term":[{"taxonomy":"product_brand","embeddable":true,"href":"https:\/\/vinoljubac.hr\/hr\/wp-json\/wp\/v2\/product_brand?post=8691"},{"taxonomy":"product_cat","embeddable":true,"href":"https:\/\/vinoljubac.hr\/hr\/wp-json\/wp\/v2\/product_cat?post=8691"},{"taxonomy":"product_tag","embeddable":true,"href":"https:\/\/vinoljubac.hr\/hr\/wp-json\/wp\/v2\/product_tag?post=8691"}],"curies":[{"name":"wp","href":"https:\/\/api.w.org\/{rel}","templated":true}]}}