{"id":8694,"date":"2023-06-26T13:44:33","date_gmt":"2023-06-26T11:44:33","guid":{"rendered":"https:\/\/vinoljubac.hr\/?post_type=product&#038;p=8694"},"modified":"2025-08-12T08:21:45","modified_gmt":"2025-08-12T06:21:45","slug":"persuric-misal-millennium","status":"publish","type":"product","link":"https:\/\/vinoljubac.hr\/hr\/proizvod\/persuric-misal-millennium\/","title":{"rendered":"PER\u0160URI\u0106 MISAL MILLENNIUM"},"content":{"rendered":"","protected":false},"excerpt":{"rendered":"<p>Bogato pjenu\u0161avo vino, vrlo lijepe arome citrusa, jabuke, kru\u0161ke i kroasana. Lijepo se sljubljuje s razli\u010ditim jelima mediteranske kuhinje kao \u0161to su riba, tjestenine, ri\u017eota i razni meki i polutvrdi sirevi. Pogodan je i kao aperitiv. U ovom najpopularnijem Per\u0161uri\u0107 pjenu\u0161cu dominira Malvazija istarska koja je macerirana najmanje 12 sati. Nakon sekundarne fermentacije, minimalno 12 mjeseci odle\u017eava na kvascima.<\/p>","protected":false},"featured_media":0,"comment_status":"open","ping_status":"closed","template":"","meta":{"om_disable_all_campaigns":false,"_monsterinsights_skip_tracking":false,"_monsterinsights_sitenote_active":false,"_monsterinsights_sitenote_note":"","_monsterinsights_sitenote_category":0},"product_brand":[],"product_cat":[236,255,183,79],"product_tag":[],"class_list":{"0":"post-8694","1":"product","2":"type-product","3":"status-publish","5":"product_cat-chardonnay-sparkling-wines","6":"product_cat-malvazija-sparkling-wines","7":"product_cat-pinot-noir-sparkling-wines","8":"product_cat-sparkling-wines","9":"pa_alcohol-116","10":"pa_colour-white","11":"pa_country-croatia","12":"pa_region-istria-and-croatian-littoral","13":"pa_residual-sugar-brut","14":"pa_subregion-croatian-istria","15":"pa_variety-chardonnay","16":"pa_variety-malvazija","17":"pa_variety-pinot-noir","18":"pa_vineyard-west-istria","19":"pa_volume-750-ml","21":"first","22":"instock","23":"taxable","24":"shipping-taxable","25":"product-type-simple"},"_links":{"self":[{"href":"https:\/\/vinoljubac.hr\/hr\/wp-json\/wp\/v2\/product\/8694","targetHints":{"allow":["GET"]}}],"collection":[{"href":"https:\/\/vinoljubac.hr\/hr\/wp-json\/wp\/v2\/product"}],"about":[{"href":"https:\/\/vinoljubac.hr\/hr\/wp-json\/wp\/v2\/types\/product"}],"replies":[{"embeddable":true,"href":"https:\/\/vinoljubac.hr\/hr\/wp-json\/wp\/v2\/comments?post=8694"}],"version-history":[{"count":1,"href":"https:\/\/vinoljubac.hr\/hr\/wp-json\/wp\/v2\/product\/8694\/revisions"}],"predecessor-version":[{"id":11175,"href":"https:\/\/vinoljubac.hr\/hr\/wp-json\/wp\/v2\/product\/8694\/revisions\/11175"}],"wp:attachment":[{"href":"https:\/\/vinoljubac.hr\/hr\/wp-json\/wp\/v2\/media?parent=8694"}],"wp:term":[{"taxonomy":"product_brand","embeddable":true,"href":"https:\/\/vinoljubac.hr\/hr\/wp-json\/wp\/v2\/product_brand?post=8694"},{"taxonomy":"product_cat","embeddable":true,"href":"https:\/\/vinoljubac.hr\/hr\/wp-json\/wp\/v2\/product_cat?post=8694"},{"taxonomy":"product_tag","embeddable":true,"href":"https:\/\/vinoljubac.hr\/hr\/wp-json\/wp\/v2\/product_tag?post=8694"}],"curies":[{"name":"wp","href":"https:\/\/api.w.org\/{rel}","templated":true}]}}