{"id":8697,"date":"2023-06-26T13:51:54","date_gmt":"2023-06-26T11:51:54","guid":{"rendered":"https:\/\/vinoljubac.hr\/?post_type=product&#038;p=8697"},"modified":"2025-04-07T09:53:44","modified_gmt":"2025-04-07T07:53:44","slug":"persuric-misal-prestige","status":"publish","type":"product","link":"https:\/\/vinoljubac.hr\/hr\/proizvod\/persuric-misal-prestige\/","title":{"rendered":"PER\u0160URI\u0106 MISAL PRESTIGE"},"content":{"rendered":"","protected":false},"excerpt":{"rendered":"<p>Izra\u017eenih cvjetnih i citrusnih nota, elegantnog okusa i lijepe svje\u017eine. Idealan je kao aperitiv ili pi\u0107e kojim \u0107ete po\u017eeljeti dobrodo\u0161licu va\u0161im gostima. Fino se sljubljuje sa svje\u017eim povr\u0107em i ribljim carpacciom. Pjenu\u0161ac u kojem dominira kratko macerirani Chardonnay, odle\u017eava najmanje 18 mjeseci na kvascima nakon sekundarne fermentacije.<\/p>","protected":false},"featured_media":0,"comment_status":"open","ping_status":"closed","template":"","meta":{"om_disable_all_campaigns":false,"_monsterinsights_skip_tracking":false,"_monsterinsights_sitenote_active":false,"_monsterinsights_sitenote_note":"","_monsterinsights_sitenote_category":0},"product_brand":[],"product_cat":[236,255,183,79],"product_tag":[],"class_list":{"0":"post-8697","1":"product","2":"type-product","3":"status-publish","5":"product_cat-chardonnay-sparkling-wines","6":"product_cat-malvazija-sparkling-wines","7":"product_cat-pinot-noir-sparkling-wines","8":"product_cat-sparkling-wines","9":"pa_alcohol-116","10":"pa_colour-white","11":"pa_country-croatia","12":"pa_region-istria-and-croatian-littoral","13":"pa_residual-sugar-extra-brut","14":"pa_subregion-croatian-istria","15":"pa_variety-chardonnay","16":"pa_variety-malvazija","17":"pa_variety-pinot-noir","18":"pa_vineyard-west-istria","19":"pa_volume-750-ml","21":"first","22":"instock","23":"taxable","24":"shipping-taxable","25":"product-type-simple"},"_links":{"self":[{"href":"https:\/\/vinoljubac.hr\/hr\/wp-json\/wp\/v2\/product\/8697","targetHints":{"allow":["GET"]}}],"collection":[{"href":"https:\/\/vinoljubac.hr\/hr\/wp-json\/wp\/v2\/product"}],"about":[{"href":"https:\/\/vinoljubac.hr\/hr\/wp-json\/wp\/v2\/types\/product"}],"replies":[{"embeddable":true,"href":"https:\/\/vinoljubac.hr\/hr\/wp-json\/wp\/v2\/comments?post=8697"}],"version-history":[{"count":1,"href":"https:\/\/vinoljubac.hr\/hr\/wp-json\/wp\/v2\/product\/8697\/revisions"}],"predecessor-version":[{"id":11176,"href":"https:\/\/vinoljubac.hr\/hr\/wp-json\/wp\/v2\/product\/8697\/revisions\/11176"}],"wp:attachment":[{"href":"https:\/\/vinoljubac.hr\/hr\/wp-json\/wp\/v2\/media?parent=8697"}],"wp:term":[{"taxonomy":"product_brand","embeddable":true,"href":"https:\/\/vinoljubac.hr\/hr\/wp-json\/wp\/v2\/product_brand?post=8697"},{"taxonomy":"product_cat","embeddable":true,"href":"https:\/\/vinoljubac.hr\/hr\/wp-json\/wp\/v2\/product_cat?post=8697"},{"taxonomy":"product_tag","embeddable":true,"href":"https:\/\/vinoljubac.hr\/hr\/wp-json\/wp\/v2\/product_tag?post=8697"}],"curies":[{"name":"wp","href":"https:\/\/api.w.org\/{rel}","templated":true}]}}