{"id":8700,"date":"2023-06-26T14:00:47","date_gmt":"2023-06-26T12:00:47","guid":{"rendered":"https:\/\/vinoljubac.hr\/?post_type=product&#038;p=8700"},"modified":"2025-04-07T09:54:09","modified_gmt":"2025-04-07T07:54:09","slug":"persuric-misal-sinjorina","status":"publish","type":"product","link":"https:\/\/vinoljubac.hr\/hr\/proizvod\/persuric-misal-sinjorina\/","title":{"rendered":"PER\u0160URI\u0106 MISAL \u0160INJORINA"},"content":{"rendered":"","protected":false},"excerpt":{"rendered":"<p>Vo\u0107no, elegantno, izra\u017eene sortne arome i okusa. Lagano, osvje\u017eavaju\u0107e pi\u0107e. Pogodan za mije\u0161anje s raznim pi\u0107ima u koktelima te za zabave na otvorenom. Proizveden samo od sorte Malvazija istarska vrlo brzom hla\u0111enom tehnologijom. Nakon sekundarne fermentacije odle\u017eava na kvascima najdu\u017ee 24 mjeseca.<\/p>","protected":false},"featured_media":0,"comment_status":"open","ping_status":"closed","template":"","meta":{"om_disable_all_campaigns":false,"_monsterinsights_skip_tracking":false,"_monsterinsights_sitenote_active":false,"_monsterinsights_sitenote_note":"","_monsterinsights_sitenote_category":0},"product_brand":[],"product_cat":[255,79],"product_tag":[],"class_list":{"0":"post-8700","1":"product","2":"type-product","3":"status-publish","5":"product_cat-malvazija-sparkling-wines","6":"product_cat-sparkling-wines","7":"pa_alcohol-116","8":"pa_colour-white","9":"pa_country-croatia","10":"pa_region-istria-and-croatian-littoral","11":"pa_residual-sugar-dry-sec","12":"pa_subregion-croatian-istria","13":"pa_variety-malvazija","14":"pa_vineyard-west-istria","15":"pa_volume-750-ml","17":"first","18":"instock","19":"taxable","20":"shipping-taxable","21":"product-type-simple"},"_links":{"self":[{"href":"https:\/\/vinoljubac.hr\/hr\/wp-json\/wp\/v2\/product\/8700","targetHints":{"allow":["GET"]}}],"collection":[{"href":"https:\/\/vinoljubac.hr\/hr\/wp-json\/wp\/v2\/product"}],"about":[{"href":"https:\/\/vinoljubac.hr\/hr\/wp-json\/wp\/v2\/types\/product"}],"replies":[{"embeddable":true,"href":"https:\/\/vinoljubac.hr\/hr\/wp-json\/wp\/v2\/comments?post=8700"}],"version-history":[{"count":1,"href":"https:\/\/vinoljubac.hr\/hr\/wp-json\/wp\/v2\/product\/8700\/revisions"}],"predecessor-version":[{"id":11177,"href":"https:\/\/vinoljubac.hr\/hr\/wp-json\/wp\/v2\/product\/8700\/revisions\/11177"}],"wp:attachment":[{"href":"https:\/\/vinoljubac.hr\/hr\/wp-json\/wp\/v2\/media?parent=8700"}],"wp:term":[{"taxonomy":"product_brand","embeddable":true,"href":"https:\/\/vinoljubac.hr\/hr\/wp-json\/wp\/v2\/product_brand?post=8700"},{"taxonomy":"product_cat","embeddable":true,"href":"https:\/\/vinoljubac.hr\/hr\/wp-json\/wp\/v2\/product_cat?post=8700"},{"taxonomy":"product_tag","embeddable":true,"href":"https:\/\/vinoljubac.hr\/hr\/wp-json\/wp\/v2\/product_tag?post=8700"}],"curies":[{"name":"wp","href":"https:\/\/api.w.org\/{rel}","templated":true}]}}