{"id":8707,"date":"2023-06-27T07:58:45","date_gmt":"2023-06-27T05:58:45","guid":{"rendered":"https:\/\/vinoljubac.hr\/?post_type=product&#038;p=8707"},"modified":"2024-02-22T08:28:33","modified_gmt":"2024-02-22T07:28:33","slug":"matusko-dingac-reserva","status":"publish","type":"product","link":"https:\/\/vinoljubac.hr\/hr\/proizvod\/matusko-dingac-reserva\/","title":{"rendered":"MATU\u0160KO DINGA\u010c RESERVA"},"content":{"rendered":"","protected":false},"excerpt":{"rendered":"<p>Ovo vino karakteriziraju boja tamnog rubina koja prelazi u ljubi\u010dastu, puno tijelo, uravnote\u017eeni tanini, za\u010dinske note i aroma crne vi\u0161nje. Odle\u017ealo tri godine u hrastovim ba\u010dvama, a i nakon toga u arhivima. Izvrsno se sla\u017ee s bogatom hranom poput bifteka, divlja\u010di, pr\u0161uta, tvrdih sireva i suhog vo\u0107a. Poslu\u017eiti ga na temperaturi od 16 do 20 \u00b0C.<\/p>","protected":false},"featured_media":0,"comment_status":"open","ping_status":"closed","template":"","meta":{"om_disable_all_campaigns":false,"_monsterinsights_skip_tracking":false,"_monsterinsights_sitenote_active":false,"_monsterinsights_sitenote_note":"","_monsterinsights_sitenote_category":0},"product_brand":[],"product_cat":[120,106,43],"product_tag":[],"class_list":{"0":"post-8707","1":"product","2":"type-product","3":"status-publish","5":"product_cat-dingac","6":"product_cat-plavac-mali","7":"product_cat-red-wines","8":"pa_alcohol-136","9":"pa_colour-red","10":"pa_country-croatia","11":"pa_region-dalmatia","12":"pa_residual-sugar-dry","13":"pa_subregion-central-and-south-dalmatia","14":"pa_variety-plavac-mali","15":"pa_vineyard-peljesac","16":"pa_volume-750-ml","18":"first","19":"onbackorder","20":"taxable","21":"shipping-taxable","22":"product-type-simple"},"_links":{"self":[{"href":"https:\/\/vinoljubac.hr\/hr\/wp-json\/wp\/v2\/product\/8707","targetHints":{"allow":["GET"]}}],"collection":[{"href":"https:\/\/vinoljubac.hr\/hr\/wp-json\/wp\/v2\/product"}],"about":[{"href":"https:\/\/vinoljubac.hr\/hr\/wp-json\/wp\/v2\/types\/product"}],"replies":[{"embeddable":true,"href":"https:\/\/vinoljubac.hr\/hr\/wp-json\/wp\/v2\/comments?post=8707"}],"version-history":[{"count":0,"href":"https:\/\/vinoljubac.hr\/hr\/wp-json\/wp\/v2\/product\/8707\/revisions"}],"wp:attachment":[{"href":"https:\/\/vinoljubac.hr\/hr\/wp-json\/wp\/v2\/media?parent=8707"}],"wp:term":[{"taxonomy":"product_brand","embeddable":true,"href":"https:\/\/vinoljubac.hr\/hr\/wp-json\/wp\/v2\/product_brand?post=8707"},{"taxonomy":"product_cat","embeddable":true,"href":"https:\/\/vinoljubac.hr\/hr\/wp-json\/wp\/v2\/product_cat?post=8707"},{"taxonomy":"product_tag","embeddable":true,"href":"https:\/\/vinoljubac.hr\/hr\/wp-json\/wp\/v2\/product_tag?post=8707"}],"curies":[{"name":"wp","href":"https:\/\/api.w.org\/{rel}","templated":true}]}}