{"id":8714,"date":"2023-06-27T08:28:11","date_gmt":"2023-06-27T06:28:11","guid":{"rendered":"https:\/\/vinoljubac.hr\/?post_type=product&#038;p=8714"},"modified":"2024-02-22T08:27:37","modified_gmt":"2024-02-22T07:27:37","slug":"matusko-postup","status":"publish","type":"product","link":"https:\/\/vinoljubac.hr\/hr\/proizvod\/matusko-postup\/","title":{"rendered":"MATU\u0160KO POSTUP"},"content":{"rendered":"","protected":false},"excerpt":{"rendered":"<p>Ovo vino karakteriziraju svijetloljubi\u010dasta boja, uravnote\u017eene kiseline i arome borovnice, suhe \u0161ljive, crne vi\u0161nje i vanilije. Odle\u017ealo dvije godine u <em>inox<\/em> ba\u010dvama. Preporu\u010duje se poslu\u017eiti ga uz crveno meso i sireve na temperaturi od 13 do 16 \u00b0C.<\/p>","protected":false},"featured_media":0,"comment_status":"open","ping_status":"closed","template":"","meta":{"om_disable_all_campaigns":false,"_monsterinsights_skip_tracking":false,"_monsterinsights_sitenote_active":false,"_monsterinsights_sitenote_note":"","_monsterinsights_sitenote_category":0},"product_brand":[],"product_cat":[106,146,43],"product_tag":[],"class_list":{"0":"post-8714","1":"product","2":"type-product","3":"status-publish","5":"product_cat-plavac-mali","6":"product_cat-postup","7":"product_cat-red-wines","8":"pa_alcohol-14-2","9":"pa_colour-red","10":"pa_country-croatia","11":"pa_region-dalmatia","12":"pa_residual-sugar-dry","13":"pa_subregion-central-and-south-dalmatia","14":"pa_variety-plavac-mali","15":"pa_vineyard-peljesac","16":"pa_volume-750-ml","18":"first","19":"instock","20":"taxable","21":"shipping-taxable","22":"product-type-simple"},"_links":{"self":[{"href":"https:\/\/vinoljubac.hr\/hr\/wp-json\/wp\/v2\/product\/8714","targetHints":{"allow":["GET"]}}],"collection":[{"href":"https:\/\/vinoljubac.hr\/hr\/wp-json\/wp\/v2\/product"}],"about":[{"href":"https:\/\/vinoljubac.hr\/hr\/wp-json\/wp\/v2\/types\/product"}],"replies":[{"embeddable":true,"href":"https:\/\/vinoljubac.hr\/hr\/wp-json\/wp\/v2\/comments?post=8714"}],"version-history":[{"count":0,"href":"https:\/\/vinoljubac.hr\/hr\/wp-json\/wp\/v2\/product\/8714\/revisions"}],"wp:attachment":[{"href":"https:\/\/vinoljubac.hr\/hr\/wp-json\/wp\/v2\/media?parent=8714"}],"wp:term":[{"taxonomy":"product_brand","embeddable":true,"href":"https:\/\/vinoljubac.hr\/hr\/wp-json\/wp\/v2\/product_brand?post=8714"},{"taxonomy":"product_cat","embeddable":true,"href":"https:\/\/vinoljubac.hr\/hr\/wp-json\/wp\/v2\/product_cat?post=8714"},{"taxonomy":"product_tag","embeddable":true,"href":"https:\/\/vinoljubac.hr\/hr\/wp-json\/wp\/v2\/product_tag?post=8714"}],"curies":[{"name":"wp","href":"https:\/\/api.w.org\/{rel}","templated":true}]}}