{"id":8722,"date":"2023-06-27T08:53:56","date_gmt":"2023-06-27T06:53:56","guid":{"rendered":"https:\/\/vinoljubac.hr\/?post_type=product&#038;p=8722"},"modified":"2025-08-12T08:21:44","modified_gmt":"2025-08-12T06:21:44","slug":"grgic-posip","status":"publish","type":"product","link":"https:\/\/vinoljubac.hr\/hr\/proizvod\/grgic-posip\/","title":{"rendered":"GRGI\u0106 PO\u0160IP"},"content":{"rendered":"","protected":false},"excerpt":{"rendered":"<p>Proizvodi se od bijelog istoimenog gro\u017e\u0111a koje se uzgaja na podru\u010dju \u010care na otoku Kor\u010duli. Fermentacija Po\u0161ipa odvija se lagano, na kontroliranoj niskoj temperaturi oko 12 \u00b0C. Pod ovim uvjetima vino Po\u0161ip zadr\u017eava okus sortnih i vo\u0107nih aroma. Nakon fermentacije, vina odstoje \u010detiri do \u0161est mjeseci u posebnim ba\u010dvama od francuskog hrasta. Zbog niske opskrbe zraka, vino di\u0161e i dalje se razvija. Istovremeno kroz hrastove ba\u010dve vino se oboga\u0107uje ugodnim ekstraktima arome vanilije. Nakon fla\u0161iranja vino dozrijeva oko \u0161est mjeseci u hladnom podrumu. Tijekom tog vremena, raznolikost okusa vina Po\u0161ip ujedinjuje se s aromama hrastovih ba\u010dvi i stvara jedinstveni buke.<\/p>","protected":false},"featured_media":0,"comment_status":"open","ping_status":"closed","template":"","meta":{"om_disable_all_campaigns":false,"_monsterinsights_skip_tracking":false,"_monsterinsights_sitenote_active":false,"_monsterinsights_sitenote_note":"","_monsterinsights_sitenote_category":0},"product_brand":[],"product_cat":[177,44],"product_tag":[],"class_list":{"0":"post-8722","1":"product","2":"type-product","3":"status-publish","5":"product_cat-posip","6":"product_cat-white-wines","7":"pa_alcohol-14-2","8":"pa_colour-white","9":"pa_country-croatia","10":"pa_region-dalmatia","11":"pa_residual-sugar-dry","12":"pa_subregion-central-and-south-dalmatia","13":"pa_variety-posip","14":"pa_vineyard-korcula","15":"pa_volume-750-ml","17":"first","18":"instock","19":"taxable","20":"shipping-taxable","21":"product-type-simple"},"_links":{"self":[{"href":"https:\/\/vinoljubac.hr\/hr\/wp-json\/wp\/v2\/product\/8722","targetHints":{"allow":["GET"]}}],"collection":[{"href":"https:\/\/vinoljubac.hr\/hr\/wp-json\/wp\/v2\/product"}],"about":[{"href":"https:\/\/vinoljubac.hr\/hr\/wp-json\/wp\/v2\/types\/product"}],"replies":[{"embeddable":true,"href":"https:\/\/vinoljubac.hr\/hr\/wp-json\/wp\/v2\/comments?post=8722"}],"version-history":[{"count":1,"href":"https:\/\/vinoljubac.hr\/hr\/wp-json\/wp\/v2\/product\/8722\/revisions"}],"predecessor-version":[{"id":11255,"href":"https:\/\/vinoljubac.hr\/hr\/wp-json\/wp\/v2\/product\/8722\/revisions\/11255"}],"wp:attachment":[{"href":"https:\/\/vinoljubac.hr\/hr\/wp-json\/wp\/v2\/media?parent=8722"}],"wp:term":[{"taxonomy":"product_brand","embeddable":true,"href":"https:\/\/vinoljubac.hr\/hr\/wp-json\/wp\/v2\/product_brand?post=8722"},{"taxonomy":"product_cat","embeddable":true,"href":"https:\/\/vinoljubac.hr\/hr\/wp-json\/wp\/v2\/product_cat?post=8722"},{"taxonomy":"product_tag","embeddable":true,"href":"https:\/\/vinoljubac.hr\/hr\/wp-json\/wp\/v2\/product_tag?post=8722"}],"curies":[{"name":"wp","href":"https:\/\/api.w.org\/{rel}","templated":true}]}}