{"id":8725,"date":"2023-06-27T09:27:23","date_gmt":"2023-06-27T07:27:23","guid":{"rendered":"https:\/\/vinoljubac.hr\/?post_type=product&#038;p=8725"},"modified":"2025-04-09T09:24:18","modified_gmt":"2025-04-09T07:24:18","slug":"kalazic-cabernet-sauvignon-premium","status":"publish","type":"product","link":"https:\/\/vinoljubac.hr\/hr\/proizvod\/kalazic-cabernet-sauvignon-premium\/","title":{"rendered":"KALAZI\u0106 CABERNET SAUVIGNON PREMIUM"},"content":{"rendered":"","protected":false},"excerpt":{"rendered":"<p>Atraktivnog i slojevitog mirisa u kojem se isprepli\u0107u arome crnog ribiza i d\u017eema od \u0161ljiva s notama cedrovine i nje\u017enim zadimljenim tonovima, ovo vino odr\u017eava bogatstvo i specifi\u010dnost baranjskog vinogorja. Vo\u0107nost mu je osnovna dimenzija potom odli\u010dno dozirana svje\u017eina, a iza toga slijede za\u010dini i nje\u017ena pikantnost te ukro\u0107eni obilni i mekani tanini. Retrookus je pikantno-vo\u0107nog karaktera koje se zadr\u017eava na nepcu jo\u0161 dugo po ispijanju.<\/p>","protected":false},"featured_media":0,"comment_status":"open","ping_status":"closed","template":"","meta":{"om_disable_all_campaigns":false,"_monsterinsights_skip_tracking":false,"_monsterinsights_sitenote_active":false,"_monsterinsights_sitenote_note":"","_monsterinsights_sitenote_category":0},"product_brand":[],"product_cat":[49,43],"product_tag":[],"class_list":{"0":"post-8725","1":"product","2":"type-product","3":"status-publish","5":"product_cat-cabernet-sauvignon","6":"product_cat-red-wines","7":"pa_alcohol-138","8":"pa_colour-red","9":"pa_country-croatia","10":"pa_region-slavonia-and-croatian-danube","11":"pa_residual-sugar-dry","12":"pa_subregion-croatian-danube","13":"pa_variety-cabernet-sauvignon","14":"pa_vineyard-baranja","15":"pa_volume-750-ml","17":"first","18":"instock","19":"taxable","20":"shipping-taxable","21":"product-type-simple"},"_links":{"self":[{"href":"https:\/\/vinoljubac.hr\/hr\/wp-json\/wp\/v2\/product\/8725","targetHints":{"allow":["GET"]}}],"collection":[{"href":"https:\/\/vinoljubac.hr\/hr\/wp-json\/wp\/v2\/product"}],"about":[{"href":"https:\/\/vinoljubac.hr\/hr\/wp-json\/wp\/v2\/types\/product"}],"replies":[{"embeddable":true,"href":"https:\/\/vinoljubac.hr\/hr\/wp-json\/wp\/v2\/comments?post=8725"}],"version-history":[{"count":1,"href":"https:\/\/vinoljubac.hr\/hr\/wp-json\/wp\/v2\/product\/8725\/revisions"}],"predecessor-version":[{"id":11263,"href":"https:\/\/vinoljubac.hr\/hr\/wp-json\/wp\/v2\/product\/8725\/revisions\/11263"}],"wp:attachment":[{"href":"https:\/\/vinoljubac.hr\/hr\/wp-json\/wp\/v2\/media?parent=8725"}],"wp:term":[{"taxonomy":"product_brand","embeddable":true,"href":"https:\/\/vinoljubac.hr\/hr\/wp-json\/wp\/v2\/product_brand?post=8725"},{"taxonomy":"product_cat","embeddable":true,"href":"https:\/\/vinoljubac.hr\/hr\/wp-json\/wp\/v2\/product_cat?post=8725"},{"taxonomy":"product_tag","embeddable":true,"href":"https:\/\/vinoljubac.hr\/hr\/wp-json\/wp\/v2\/product_tag?post=8725"}],"curies":[{"name":"wp","href":"https:\/\/api.w.org\/{rel}","templated":true}]}}