{"id":8728,"date":"2023-06-27T09:33:18","date_gmt":"2023-06-27T07:33:18","guid":{"rendered":"https:\/\/vinoljubac.hr\/?post_type=product&#038;p=8728"},"modified":"2025-04-09T09:24:32","modified_gmt":"2025-04-09T07:24:32","slug":"kalazic-chardonnay-premium","status":"publish","type":"product","link":"https:\/\/vinoljubac.hr\/hr\/proizvod\/kalazic-chardonnay-premium\/","title":{"rendered":"KALAZI\u0106 CHARDONNAY PREMIUM"},"content":{"rendered":"","protected":false},"excerpt":{"rendered":"<p>Vrlo dubok i intenzivan miris u kojem se razigravaju arome zrelih dunja, oraha, limuna, vanilije i plemenite plijesni te postojano tijelo podr\u017eano so\u010dnim i visokim kiselinama osiguravaju dugovje\u010dnost ovog posebnog vina \u010dije finale traje vrlo dugo uz osje\u0107aj u\u017eitka i zadovoljstva. Zavodljivost mirisa, elegancija okusa i pitkost samo su neke od osobina ovog posebnog vina.<\/p>","protected":false},"featured_media":0,"comment_status":"open","ping_status":"closed","template":"","meta":{"om_disable_all_campaigns":false,"_monsterinsights_skip_tracking":false,"_monsterinsights_sitenote_active":false,"_monsterinsights_sitenote_note":"","_monsterinsights_sitenote_category":0},"product_brand":[],"product_cat":[52,44],"product_tag":[],"class_list":{"0":"post-8728","1":"product","2":"type-product","3":"status-publish","5":"product_cat-chardonnay","6":"product_cat-white-wines","7":"pa_alcohol-138","8":"pa_colour-white","9":"pa_country-croatia","10":"pa_region-slavonia-and-croatian-danube","11":"pa_residual-sugar-dry","12":"pa_subregion-croatian-danube","13":"pa_variety-chardonnay","14":"pa_vineyard-baranja","15":"pa_volume-750-ml","17":"first","18":"instock","19":"taxable","20":"shipping-taxable","21":"product-type-simple"},"_links":{"self":[{"href":"https:\/\/vinoljubac.hr\/hr\/wp-json\/wp\/v2\/product\/8728","targetHints":{"allow":["GET"]}}],"collection":[{"href":"https:\/\/vinoljubac.hr\/hr\/wp-json\/wp\/v2\/product"}],"about":[{"href":"https:\/\/vinoljubac.hr\/hr\/wp-json\/wp\/v2\/types\/product"}],"replies":[{"embeddable":true,"href":"https:\/\/vinoljubac.hr\/hr\/wp-json\/wp\/v2\/comments?post=8728"}],"version-history":[{"count":1,"href":"https:\/\/vinoljubac.hr\/hr\/wp-json\/wp\/v2\/product\/8728\/revisions"}],"predecessor-version":[{"id":11264,"href":"https:\/\/vinoljubac.hr\/hr\/wp-json\/wp\/v2\/product\/8728\/revisions\/11264"}],"wp:attachment":[{"href":"https:\/\/vinoljubac.hr\/hr\/wp-json\/wp\/v2\/media?parent=8728"}],"wp:term":[{"taxonomy":"product_brand","embeddable":true,"href":"https:\/\/vinoljubac.hr\/hr\/wp-json\/wp\/v2\/product_brand?post=8728"},{"taxonomy":"product_cat","embeddable":true,"href":"https:\/\/vinoljubac.hr\/hr\/wp-json\/wp\/v2\/product_cat?post=8728"},{"taxonomy":"product_tag","embeddable":true,"href":"https:\/\/vinoljubac.hr\/hr\/wp-json\/wp\/v2\/product_tag?post=8728"}],"curies":[{"name":"wp","href":"https:\/\/api.w.org\/{rel}","templated":true}]}}