{"id":8731,"date":"2023-06-27T09:38:52","date_gmt":"2023-06-27T07:38:52","guid":{"rendered":"https:\/\/vinoljubac.hr\/?post_type=product&#038;p=8731"},"modified":"2025-04-09T09:24:49","modified_gmt":"2025-04-09T07:24:49","slug":"kalazic-pinot-crni-premium","status":"publish","type":"product","link":"https:\/\/vinoljubac.hr\/hr\/proizvod\/kalazic-pinot-crni-premium\/","title":{"rendered":"KALAZI\u0106 PINOT CRNI PREMIUM"},"content":{"rendered":"","protected":false},"excerpt":{"rendered":"<p>Posebno vino, atraktivnog i bogatog mirisa. Kombinacija slatkastih vo\u0107nih nota koje podsje\u0107aju na d\u017eem od jagoda i \u0161ljiva s nje\u017eno zadimljenim tonovima kave. Okus je izvanredno bogat, harmoni\u010dan i postojan. Snaga dominira na po\u010detku, ali je odli\u010dno sa\u010duvana \u017eivost i svje\u017eina koju potom zamjenjuje slast ekstrakta, a zavr\u0161ava iznimno dugotrajnim retrookusom u kojem se isprepli\u0107u pikantnost sa atraktivnom vo\u0107no\u0161\u0107u.<\/p>","protected":false},"featured_media":0,"comment_status":"open","ping_status":"closed","template":"","meta":{"om_disable_all_campaigns":false,"_monsterinsights_skip_tracking":false,"_monsterinsights_sitenote_active":false,"_monsterinsights_sitenote_note":"","_monsterinsights_sitenote_category":0},"product_brand":[],"product_cat":[47,43],"product_tag":[],"class_list":{"0":"post-8731","1":"product","2":"type-product","3":"status-publish","5":"product_cat-pinot-noir","6":"product_cat-red-wines","7":"pa_alcohol-14-2","8":"pa_colour-red","9":"pa_country-croatia","10":"pa_region-slavonia-and-croatian-danube","11":"pa_residual-sugar-dry","12":"pa_subregion-croatian-danube","13":"pa_variety-pinot-noir","14":"pa_vineyard-baranja","15":"pa_volume-750-ml","17":"first","18":"instock","19":"taxable","20":"shipping-taxable","21":"product-type-simple"},"_links":{"self":[{"href":"https:\/\/vinoljubac.hr\/hr\/wp-json\/wp\/v2\/product\/8731","targetHints":{"allow":["GET"]}}],"collection":[{"href":"https:\/\/vinoljubac.hr\/hr\/wp-json\/wp\/v2\/product"}],"about":[{"href":"https:\/\/vinoljubac.hr\/hr\/wp-json\/wp\/v2\/types\/product"}],"replies":[{"embeddable":true,"href":"https:\/\/vinoljubac.hr\/hr\/wp-json\/wp\/v2\/comments?post=8731"}],"version-history":[{"count":1,"href":"https:\/\/vinoljubac.hr\/hr\/wp-json\/wp\/v2\/product\/8731\/revisions"}],"predecessor-version":[{"id":11265,"href":"https:\/\/vinoljubac.hr\/hr\/wp-json\/wp\/v2\/product\/8731\/revisions\/11265"}],"wp:attachment":[{"href":"https:\/\/vinoljubac.hr\/hr\/wp-json\/wp\/v2\/media?parent=8731"}],"wp:term":[{"taxonomy":"product_brand","embeddable":true,"href":"https:\/\/vinoljubac.hr\/hr\/wp-json\/wp\/v2\/product_brand?post=8731"},{"taxonomy":"product_cat","embeddable":true,"href":"https:\/\/vinoljubac.hr\/hr\/wp-json\/wp\/v2\/product_cat?post=8731"},{"taxonomy":"product_tag","embeddable":true,"href":"https:\/\/vinoljubac.hr\/hr\/wp-json\/wp\/v2\/product_tag?post=8731"}],"curies":[{"name":"wp","href":"https:\/\/api.w.org\/{rel}","templated":true}]}}